{"id":805,"date":"2024-11-01T12:56:12","date_gmt":"2024-11-01T11:56:12","guid":{"rendered":"https:\/\/leconfitdascain.fr\/?post_type=product&#038;p=805"},"modified":"2026-03-31T17:32:32","modified_gmt":"2026-03-31T15:32:32","slug":"terrine-de-magret-doie-au-foie-gras-doie-130g","status":"publish","type":"product","link":"https:\/\/leconfitdascain.fr\/?product=terrine-de-magret-doie-au-foie-gras-doie-130g","title":{"rendered":"Terrine de magret d&rsquo;oie au foie gras de canard 130g"},"content":{"rendered":"<p>bo\u00eete de 130g soit 50\u20ac le kg<\/p>\n<p>Ingr\u00e9dients :<\/p>\n<p>Magret d&rsquo;oie 50%, foie gras de canard 30%, gorge de porc, OEUF, sel origine France, poivre .<\/p>\n<p>Conseils de pr\u00e9paration :<\/p>\n<p>Servir frais ou \u00e0 temp\u00e9rature ambiante en ap\u00e9ritif ou en entr\u00e9e<\/p>\n<p>&nbsp;<\/p>\n","protected":false},"excerpt":{"rendered":"<p>Go\u00fbt subtil et d\u00e9licat, du magret d&rsquo;oie et du foie gras de canard<\/p>\n","protected":false},"featured_media":933,"template":"","meta":[],"product_brand":[],"product_cat":[24],"product_tag":[],"class_list":{"0":"post-805","1":"product","2":"type-product","3":"status-publish","4":"has-post-thumbnail","6":"product_cat-entree","8":"first","9":"instock","10":"taxable","11":"shipping-taxable","12":"purchasable","13":"product-type-simple"},"jetpack_sharing_enabled":true,"_links":{"self":[{"href":"https:\/\/leconfitdascain.fr\/index.php?rest_route=\/wp\/v2\/product\/805","targetHints":{"allow":["GET"]}}],"collection":[{"href":"https:\/\/leconfitdascain.fr\/index.php?rest_route=\/wp\/v2\/product"}],"about":[{"href":"https:\/\/leconfitdascain.fr\/index.php?rest_route=\/wp\/v2\/types\/product"}],"wp:featuredmedia":[{"embeddable":true,"href":"https:\/\/leconfitdascain.fr\/index.php?rest_route=\/wp\/v2\/media\/933"}],"wp:attachment":[{"href":"https:\/\/leconfitdascain.fr\/index.php?rest_route=%2Fwp%2Fv2%2Fmedia&parent=805"}],"wp:term":[{"taxonomy":"product_brand","embeddable":true,"href":"https:\/\/leconfitdascain.fr\/index.php?rest_route=%2Fwp%2Fv2%2Fproduct_brand&post=805"},{"taxonomy":"product_cat","embeddable":true,"href":"https:\/\/leconfitdascain.fr\/index.php?rest_route=%2Fwp%2Fv2%2Fproduct_cat&post=805"},{"taxonomy":"product_tag","embeddable":true,"href":"https:\/\/leconfitdascain.fr\/index.php?rest_route=%2Fwp%2Fv2%2Fproduct_tag&post=805"}],"curies":[{"name":"wp","href":"https:\/\/api.w.org\/{rel}","templated":true}]}}