{"id":736,"date":"2024-10-05T14:25:44","date_gmt":"2024-10-05T12:25:44","guid":{"rendered":"https:\/\/leconfitdascain.fr\/?post_type=product&#038;p=736"},"modified":"2026-03-04T20:49:59","modified_gmt":"2026-03-04T19:49:59","slug":"lentilles-cuisinees-au-manchon-de-canard-1-part","status":"publish","type":"product","link":"https:\/\/leconfitdascain.fr\/?product=lentilles-cuisinees-au-manchon-de-canard-1-part","title":{"rendered":"Lentilles cuisin\u00e9es au manchon de canard 1 part"},"content":{"rendered":"<p>Bocal 390g, 18.20\u20ac le kg<br \/>\nIngr\u00e9dients :<br \/>\nlentilles, 1 manchon de canard confit, oignons, jambon, \u00e9chalotes, ail, bouquet garni (laurier, thym, persil), eau pour le bouillon<\/p>\n<p><strong>Conseils de pr\u00e9paration :\u00a0<\/strong><br \/>\nR\u00e9chauffez \u00e0 feu doux dans une casserole. n&rsquo;h\u00e9sitez pas \u00e0 ajouter du bouillon de volaille. Nous privil\u00e9gions la quantit\u00e9 de lentilles donc le bouillon est parfois absorb\u00e9 en int\u00e9gralit\u00e9.<\/p>\n<table border=\"0\" cellspacing=\"0\">\n<colgroup width=\"323\"><\/colgroup>\n<tbody>\n<tr>\n<td align=\"center\" valign=\"middle\" height=\"71\">\n<p style=\"text-align: center;\">\u00c9nergie : 618 kJ \/ 148 kcal,<\/p>\n<p style=\"text-align: center;\">mati\u00e8res grasses : 8 g dont acides gras satur\u00e9s : 3 g, glucides : 7,8 g dont sucres : 0,5 g, prot\u00e9ines : 9,9 g, sel : 0,9 g<\/p>\n<\/td>\n<\/tr>\n<\/tbody>\n<\/table>\n","protected":false},"excerpt":{"rendered":"<p>Bocal 390g, 18.20\u20ac le kg Ingr\u00e9dients : lentilles, 1 manchon de canard confit, oignons, jambon, \u00e9chalotes, ail, bouquet garni (laurier, thym, persil), eau pour le bouillon Conseils de pr\u00e9paration :\u00a0 R\u00e9chauffez \u00e0 feu doux dans une casserole. n&rsquo;h\u00e9sitez pas \u00e0 ajouter du bouillon de volaille. Nous privil\u00e9gions la quantit\u00e9 de lentilles donc le bouillon est [&hellip;]<\/p>\n","protected":false},"featured_media":1113,"template":"","meta":[],"product_brand":[],"product_cat":[25],"product_tag":[],"class_list":{"0":"post-736","1":"product","2":"type-product","3":"status-publish","4":"has-post-thumbnail","6":"product_cat-plats-cuisines","8":"first","9":"instock","10":"taxable","11":"shipping-taxable","12":"purchasable","13":"product-type-simple"},"jetpack_sharing_enabled":true,"_links":{"self":[{"href":"https:\/\/leconfitdascain.fr\/index.php?rest_route=\/wp\/v2\/product\/736","targetHints":{"allow":["GET"]}}],"collection":[{"href":"https:\/\/leconfitdascain.fr\/index.php?rest_route=\/wp\/v2\/product"}],"about":[{"href":"https:\/\/leconfitdascain.fr\/index.php?rest_route=\/wp\/v2\/types\/product"}],"wp:featuredmedia":[{"embeddable":true,"href":"https:\/\/leconfitdascain.fr\/index.php?rest_route=\/wp\/v2\/media\/1113"}],"wp:attachment":[{"href":"https:\/\/leconfitdascain.fr\/index.php?rest_route=%2Fwp%2Fv2%2Fmedia&parent=736"}],"wp:term":[{"taxonomy":"product_brand","embeddable":true,"href":"https:\/\/leconfitdascain.fr\/index.php?rest_route=%2Fwp%2Fv2%2Fproduct_brand&post=736"},{"taxonomy":"product_cat","embeddable":true,"href":"https:\/\/leconfitdascain.fr\/index.php?rest_route=%2Fwp%2Fv2%2Fproduct_cat&post=736"},{"taxonomy":"product_tag","embeddable":true,"href":"https:\/\/leconfitdascain.fr\/index.php?rest_route=%2Fwp%2Fv2%2Fproduct_tag&post=736"}],"curies":[{"name":"wp","href":"https:\/\/api.w.org\/{rel}","templated":true}]}}