{"id":721,"date":"2024-10-04T15:11:08","date_gmt":"2024-10-04T13:11:08","guid":{"rendered":"https:\/\/leconfitdascain.fr\/?post_type=product&#038;p=721"},"modified":"2026-03-30T17:00:42","modified_gmt":"2026-03-30T15:00:42","slug":"foie-gras-de-canard-au-torchon-piment-despelette-180g-medaille-dargent-2023-et-medaille-dor-2024","status":"publish","type":"product","link":"https:\/\/leconfitdascain.fr\/?product=foie-gras-de-canard-au-torchon-piment-despelette-180g-medaille-dargent-2023-et-medaille-dor-2024","title":{"rendered":"Foie gras de canard entier mi-cuit au torchon, Piment d\u2019Espelette 180g, m\u00e9daille d\u2019argent 2023 et m\u00e9daille d\u2019or 2024"},"content":{"rendered":"<p>Prix pour une pi\u00e8ce sous vide non d\u00e9taill\u00e9e de 180g environ, 137\u20ac le kg<\/p>\n<p>Avec sa forme rustique, le foie gras mi-cuit au torchon sait s\u00e9duire les papilles de tout amateur de foie gras !<\/p>\n<p>Le parfum du Piment d&rsquo;Espelette sublime ce foie gras mi-cuit.<\/p>\n<p>Ce foie gras a \u00e9t\u00e9 m\u00e9daill\u00e9 deux ann\u00e9e de suite au Concours G\u00e9n\u00e9ral Agricole, en argent en 2023 et en or en 2025.<\/p>\n<p>Ingr\u00e9dients : Foie gras de canard entier, sel, poivre, Piment d&rsquo;Espelette<\/p>\n<p><strong>LIVRAISON A DOMICILE UNIQUEMENT 5\u20ac de frais de port suppl\u00e9mentaire s&rsquo;ajouteront au total des frais pour la livraison de produits frais (via chronofresh en 24h \u00e0 compter le la prise en charge du colis)<\/strong><\/p>\n<p>Se conserve jusqu\u2019\u00e0 6 mois au r\u00e9frig\u00e9rateur\u00a0<strong>\u00e0 compter de la date de fabrication<\/strong><\/p>\n<table border=\"0\" cellspacing=\"0\">\n<colgroup width=\"323\"><\/colgroup>\n<tbody>\n<tr>\n<td align=\"center\" valign=\"middle\" height=\"71\">Energie 526kcal\/ 2170kJ,<br \/>\nMati\u00e8res grasses 54,6g, Dont acides gras satur\u00e9s 23g, Glucides 2g, Dont sucres 0.03g, Prot\u00e9ines 8.41g, Sel 1.11g<\/td>\n<\/tr>\n<\/tbody>\n<\/table>\n","protected":false},"excerpt":{"rendered":"<p>Avec sa forme rustique, le foie gras mi-cuit au torchon sait s\u00e9duire les papilles de tout amateur de foie gras<\/p>\n","protected":false},"featured_media":1211,"template":"","meta":[],"product_brand":[],"product_cat":[34,33],"product_tag":[],"class_list":{"0":"post-721","1":"product","2":"type-product","3":"status-publish","4":"has-post-thumbnail","6":"product_cat-foie-gras-mi-cuit","7":"product_cat-medailles","8":"product_shipping_class-colis-frais","10":"first","11":"instock","12":"taxable","13":"shipping-taxable","14":"purchasable","15":"product-type-simple"},"jetpack_sharing_enabled":true,"_links":{"self":[{"href":"https:\/\/leconfitdascain.fr\/index.php?rest_route=\/wp\/v2\/product\/721","targetHints":{"allow":["GET"]}}],"collection":[{"href":"https:\/\/leconfitdascain.fr\/index.php?rest_route=\/wp\/v2\/product"}],"about":[{"href":"https:\/\/leconfitdascain.fr\/index.php?rest_route=\/wp\/v2\/types\/product"}],"wp:featuredmedia":[{"embeddable":true,"href":"https:\/\/leconfitdascain.fr\/index.php?rest_route=\/wp\/v2\/media\/1211"}],"wp:attachment":[{"href":"https:\/\/leconfitdascain.fr\/index.php?rest_route=%2Fwp%2Fv2%2Fmedia&parent=721"}],"wp:term":[{"taxonomy":"product_brand","embeddable":true,"href":"https:\/\/leconfitdascain.fr\/index.php?rest_route=%2Fwp%2Fv2%2Fproduct_brand&post=721"},{"taxonomy":"product_cat","embeddable":true,"href":"https:\/\/leconfitdascain.fr\/index.php?rest_route=%2Fwp%2Fv2%2Fproduct_cat&post=721"},{"taxonomy":"product_tag","embeddable":true,"href":"https:\/\/leconfitdascain.fr\/index.php?rest_route=%2Fwp%2Fv2%2Fproduct_tag&post=721"}],"curies":[{"name":"wp","href":"https:\/\/api.w.org\/{rel}","templated":true}]}}