{"id":425,"date":"2024-08-19T17:26:07","date_gmt":"2024-08-19T15:26:07","guid":{"rendered":"http:\/\/leconfitdascain.fr\/?post_type=product&#038;p=425"},"modified":"2025-08-26T14:08:40","modified_gmt":"2025-08-26T12:08:40","slug":"coffret-larrun","status":"publish","type":"product","link":"https:\/\/leconfitdascain.fr\/?product=coffret-larrun","title":{"rendered":"Coffret Larrun"},"content":{"rendered":"<p>Le coffret Larrun, la Rhune en basque notre embl\u00e9matique montagne, vous fera d\u00e9couvrir les sp\u00e9cialit\u00e9s du Pays basque de l&rsquo;entr\u00e9e au plat.<\/p>\n<p>1 axoa de veau 390g, net \u00e9goutt\u00e9 200g<br \/>\n1 haricots cuisin\u00e9s 390g<br \/>\n1 terrine de magret d&rsquo;oie au foie gras de canard 130g<br \/>\n1 rillettes pur canard 90g<br \/>\n1 p\u00e2t\u00e9 d&rsquo;Ascain 130g<br \/>\n1 piment d&rsquo;Espelette en poudre 40g<\/p>\n","protected":false},"excerpt":{"rendered":"<p>Le coffret Larrun, la Rhune en basque notre embl\u00e9matique montagne, vous fera d\u00e9couvrir les sp\u00e9cialit\u00e9s du Pays basque de l&rsquo;entr\u00e9e au plat. 1 axoa de veau 390g, net \u00e9goutt\u00e9 200g 1 haricots cuisin\u00e9s 390g 1 terrine de magret d&rsquo;oie au foie gras de canard 130g 1 rillettes pur canard 90g 1 p\u00e2t\u00e9 d&rsquo;Ascain 130g 1 [&hellip;]<\/p>\n","protected":false},"featured_media":1129,"template":"","meta":[],"product_brand":[],"product_cat":[28,18],"product_tag":[],"class_list":{"0":"post-425","1":"product","2":"type-product","3":"status-publish","4":"has-post-thumbnail","6":"product_cat-cadeaux-gourmands","7":"product_cat-coffret","9":"first","10":"instock","11":"taxable","12":"shipping-taxable","13":"purchasable","14":"product-type-simple"},"jetpack_sharing_enabled":true,"_links":{"self":[{"href":"https:\/\/leconfitdascain.fr\/index.php?rest_route=\/wp\/v2\/product\/425","targetHints":{"allow":["GET"]}}],"collection":[{"href":"https:\/\/leconfitdascain.fr\/index.php?rest_route=\/wp\/v2\/product"}],"about":[{"href":"https:\/\/leconfitdascain.fr\/index.php?rest_route=\/wp\/v2\/types\/product"}],"wp:featuredmedia":[{"embeddable":true,"href":"https:\/\/leconfitdascain.fr\/index.php?rest_route=\/wp\/v2\/media\/1129"}],"wp:attachment":[{"href":"https:\/\/leconfitdascain.fr\/index.php?rest_route=%2Fwp%2Fv2%2Fmedia&parent=425"}],"wp:term":[{"taxonomy":"product_brand","embeddable":true,"href":"https:\/\/leconfitdascain.fr\/index.php?rest_route=%2Fwp%2Fv2%2Fproduct_brand&post=425"},{"taxonomy":"product_cat","embeddable":true,"href":"https:\/\/leconfitdascain.fr\/index.php?rest_route=%2Fwp%2Fv2%2Fproduct_cat&post=425"},{"taxonomy":"product_tag","embeddable":true,"href":"https:\/\/leconfitdascain.fr\/index.php?rest_route=%2Fwp%2Fv2%2Fproduct_tag&post=425"}],"curies":[{"name":"wp","href":"https:\/\/api.w.org\/{rel}","templated":true}]}}