{"id":413,"date":"2024-08-19T17:18:21","date_gmt":"2024-08-19T15:18:21","guid":{"rendered":"http:\/\/leconfitdascain.fr\/?post_type=product&#038;p=413"},"modified":"2025-09-10T10:46:06","modified_gmt":"2025-09-10T08:46:06","slug":"coffret-azkaine","status":"publish","type":"product","link":"https:\/\/leconfitdascain.fr\/?product=coffret-azkaine","title":{"rendered":"Coffret Azkaine"},"content":{"rendered":"<p>Coffret Azkaine, Ascain en basque, fera voyager vos papilles avec ses saveurs locales.<\/p>\n<p>1 axoa de veau 390g, net \u00e9goutt\u00e9 200g<br \/>\n1 p\u00e2t\u00e9 d&rsquo;Ascain 200g<br \/>\n1 rillettes pur canard 90g<br \/>\n1 piment d&rsquo;Espelette en poudre AOP 40g<\/p>\n","protected":false},"excerpt":{"rendered":"<p>Coffret Azkaine, Ascain en basque, fera voyager vos papilles avec ses saveurs locales. 1 axoa de veau 390g, net \u00e9goutt\u00e9 200g 1 p\u00e2t\u00e9 d&rsquo;Ascain 200g 1 rillettes pur canard 90g 1 piment d&rsquo;Espelette en poudre AOP 40g<\/p>\n","protected":false},"featured_media":1172,"template":"","meta":[],"product_brand":[],"product_cat":[28,18],"product_tag":[],"class_list":{"0":"post-413","1":"product","2":"type-product","3":"status-publish","4":"has-post-thumbnail","6":"product_cat-cadeaux-gourmands","7":"product_cat-coffret","9":"first","10":"instock","11":"taxable","12":"shipping-taxable","13":"purchasable","14":"product-type-simple"},"jetpack_sharing_enabled":true,"_links":{"self":[{"href":"https:\/\/leconfitdascain.fr\/index.php?rest_route=\/wp\/v2\/product\/413","targetHints":{"allow":["GET"]}}],"collection":[{"href":"https:\/\/leconfitdascain.fr\/index.php?rest_route=\/wp\/v2\/product"}],"about":[{"href":"https:\/\/leconfitdascain.fr\/index.php?rest_route=\/wp\/v2\/types\/product"}],"wp:featuredmedia":[{"embeddable":true,"href":"https:\/\/leconfitdascain.fr\/index.php?rest_route=\/wp\/v2\/media\/1172"}],"wp:attachment":[{"href":"https:\/\/leconfitdascain.fr\/index.php?rest_route=%2Fwp%2Fv2%2Fmedia&parent=413"}],"wp:term":[{"taxonomy":"product_brand","embeddable":true,"href":"https:\/\/leconfitdascain.fr\/index.php?rest_route=%2Fwp%2Fv2%2Fproduct_brand&post=413"},{"taxonomy":"product_cat","embeddable":true,"href":"https:\/\/leconfitdascain.fr\/index.php?rest_route=%2Fwp%2Fv2%2Fproduct_cat&post=413"},{"taxonomy":"product_tag","embeddable":true,"href":"https:\/\/leconfitdascain.fr\/index.php?rest_route=%2Fwp%2Fv2%2Fproduct_tag&post=413"}],"curies":[{"name":"wp","href":"https:\/\/api.w.org\/{rel}","templated":true}]}}