{"id":409,"date":"2024-08-19T17:16:25","date_gmt":"2024-08-19T15:16:25","guid":{"rendered":"http:\/\/leconfitdascain.fr\/?post_type=product&#038;p=409"},"modified":"2025-09-10T11:00:30","modified_gmt":"2025-09-10T09:00:30","slug":"coffret-ahatea","status":"publish","type":"product","link":"https:\/\/leconfitdascain.fr\/?product=coffret-ahatea","title":{"rendered":"Coffret Ahatea"},"content":{"rendered":"<p>Le coffret ahatea, le canard en basque, vous fera d\u00e9couvrir nos sp\u00e9cialit\u00e9s pour vos entr\u00e9es gourmandes.<\/p>\n<p>1 foie gras de canard entier 90g<br \/>\n1 rillettes pur canard 180g<br \/>\n1 terrine de magret d&rsquo;oie au foie gras de canard 130g<br \/>\n1 piment d&rsquo;Espelette en poudre 40g<\/p>\n","protected":false},"excerpt":{"rendered":"<p>Le coffret ahatea, le canard en basque, vous fera d\u00e9couvrir nos sp\u00e9cialit\u00e9s pour vos entr\u00e9es gourmandes. 1 foie gras de canard entier 90g 1 rillettes pur canard 180g 1 terrine de magret d&rsquo;oie au foie gras de canard 130g 1 piment d&rsquo;Espelette en poudre 40g<\/p>\n","protected":false},"featured_media":1174,"template":"","meta":[],"product_brand":[],"product_cat":[28,18],"product_tag":[],"class_list":{"0":"post-409","1":"product","2":"type-product","3":"status-publish","4":"has-post-thumbnail","6":"product_cat-cadeaux-gourmands","7":"product_cat-coffret","9":"first","10":"instock","11":"taxable","12":"shipping-taxable","13":"purchasable","14":"product-type-simple"},"jetpack_sharing_enabled":true,"_links":{"self":[{"href":"https:\/\/leconfitdascain.fr\/index.php?rest_route=\/wp\/v2\/product\/409","targetHints":{"allow":["GET"]}}],"collection":[{"href":"https:\/\/leconfitdascain.fr\/index.php?rest_route=\/wp\/v2\/product"}],"about":[{"href":"https:\/\/leconfitdascain.fr\/index.php?rest_route=\/wp\/v2\/types\/product"}],"wp:featuredmedia":[{"embeddable":true,"href":"https:\/\/leconfitdascain.fr\/index.php?rest_route=\/wp\/v2\/media\/1174"}],"wp:attachment":[{"href":"https:\/\/leconfitdascain.fr\/index.php?rest_route=%2Fwp%2Fv2%2Fmedia&parent=409"}],"wp:term":[{"taxonomy":"product_brand","embeddable":true,"href":"https:\/\/leconfitdascain.fr\/index.php?rest_route=%2Fwp%2Fv2%2Fproduct_brand&post=409"},{"taxonomy":"product_cat","embeddable":true,"href":"https:\/\/leconfitdascain.fr\/index.php?rest_route=%2Fwp%2Fv2%2Fproduct_cat&post=409"},{"taxonomy":"product_tag","embeddable":true,"href":"https:\/\/leconfitdascain.fr\/index.php?rest_route=%2Fwp%2Fv2%2Fproduct_tag&post=409"}],"curies":[{"name":"wp","href":"https:\/\/api.w.org\/{rel}","templated":true}]}}