{"id":387,"date":"2024-08-19T16:47:59","date_gmt":"2024-08-19T14:47:59","guid":{"rendered":"http:\/\/leconfitdascain.fr\/?post_type=product&#038;p=387"},"modified":"2026-04-03T15:13:16","modified_gmt":"2026-04-03T13:13:16","slug":"gelee-au-piment-despelette","status":"publish","type":"product","link":"https:\/\/leconfitdascain.fr\/?product=gelee-au-piment-despelette","title":{"rendered":"Gel\u00e9e au Piment d&rsquo;Espelette"},"content":{"rendered":"<p>Pot de 120g, 50.00\u20ac le kg<br \/>\nIngr\u00e9dients\u00a0:<br \/>\neau, sucre, pectine, piment d&rsquo;Espelette AOP<\/p>\n<p><strong>Conseils de pr\u00e9paration :<\/strong><br \/>\nSp\u00e9cialit\u00e9\u00a0 pr\u00e9par\u00e9e avec du piment d&rsquo;Espelette AOP cuit dans un chaudron en cuivre.<br \/>\nCette douce gel\u00e9e de piment d&rsquo;Espelette pourra venir pimenter et assaisonner vos barbecues, foies gras et fromages !<br \/>\nElle est parfaite pour faire des marinades pour tous les types de viandes ainsi que sur les tapas.<\/p>\n<table border=\"0\" cellspacing=\"0\">\n<colgroup width=\"323\"><\/colgroup>\n<tbody>\n<tr>\n<td align=\"center\" valign=\"middle\" height=\"71\">\n<p style=\"text-align: center;\">Energie : 1014kJ\/252 kcal &#8211;<\/p>\n<p style=\"text-align: center;\">Mati\u00e8res grasses : inf 0.5g\u00a0dont acides satur\u00e9s inf 0.1g &#8211; Glucides : 61g dont sucres 60g &#8211; Prot\u00e9ines : inf 0.5g &#8211; Sel : 0.05g<\/p>\n<\/td>\n<\/tr>\n<\/tbody>\n<\/table>\n","protected":false},"excerpt":{"rendered":"<p>Pot de 120g, 50.00\u20ac le kg Ingr\u00e9dients\u00a0: eau, sucre, pectine, piment d&rsquo;Espelette AOP Conseils de pr\u00e9paration : Sp\u00e9cialit\u00e9\u00a0 pr\u00e9par\u00e9e avec du piment d&rsquo;Espelette AOP cuit dans un chaudron en cuivre. Cette douce gel\u00e9e de piment d&rsquo;Espelette pourra venir pimenter et assaisonner vos barbecues, foies gras et fromages ! Elle est parfaite pour faire des marinades [&hellip;]<\/p>\n","protected":false},"featured_media":388,"template":"","meta":[],"product_brand":[],"product_cat":[26],"product_tag":[],"class_list":{"0":"post-387","1":"product","2":"type-product","3":"status-publish","4":"has-post-thumbnail","6":"product_cat-epicerie-fine","8":"first","9":"instock","10":"taxable","11":"shipping-taxable","12":"purchasable","13":"product-type-simple"},"jetpack_sharing_enabled":true,"_links":{"self":[{"href":"https:\/\/leconfitdascain.fr\/index.php?rest_route=\/wp\/v2\/product\/387","targetHints":{"allow":["GET"]}}],"collection":[{"href":"https:\/\/leconfitdascain.fr\/index.php?rest_route=\/wp\/v2\/product"}],"about":[{"href":"https:\/\/leconfitdascain.fr\/index.php?rest_route=\/wp\/v2\/types\/product"}],"wp:featuredmedia":[{"embeddable":true,"href":"https:\/\/leconfitdascain.fr\/index.php?rest_route=\/wp\/v2\/media\/388"}],"wp:attachment":[{"href":"https:\/\/leconfitdascain.fr\/index.php?rest_route=%2Fwp%2Fv2%2Fmedia&parent=387"}],"wp:term":[{"taxonomy":"product_brand","embeddable":true,"href":"https:\/\/leconfitdascain.fr\/index.php?rest_route=%2Fwp%2Fv2%2Fproduct_brand&post=387"},{"taxonomy":"product_cat","embeddable":true,"href":"https:\/\/leconfitdascain.fr\/index.php?rest_route=%2Fwp%2Fv2%2Fproduct_cat&post=387"},{"taxonomy":"product_tag","embeddable":true,"href":"https:\/\/leconfitdascain.fr\/index.php?rest_route=%2Fwp%2Fv2%2Fproduct_tag&post=387"}],"curies":[{"name":"wp","href":"https:\/\/api.w.org\/{rel}","templated":true}]}}