{"id":385,"date":"2024-08-19T16:46:34","date_gmt":"2024-08-19T14:46:34","guid":{"rendered":"http:\/\/leconfitdascain.fr\/?post_type=product&#038;p=385"},"modified":"2026-04-03T15:14:30","modified_gmt":"2026-04-03T13:14:30","slug":"confiture-de-figues-bio","status":"publish","type":"product","link":"https:\/\/leconfitdascain.fr\/?product=confiture-de-figues-bio","title":{"rendered":"Confiture de figues violettes"},"content":{"rendered":"<p>Pot 250g, 24\u20ac le kg<\/p>\n<p>Ingr\u00e9dients : Figues, sucre, pectine, acide citrique<br \/>\nConfiture extra pr\u00e9par\u00e9e avec 50g de fruits pour 100g<\/p>\n<table border=\"0\" cellspacing=\"0\">\n<colgroup width=\"323\"><\/colgroup>\n<tbody>\n<tr>\n<td align=\"center\" valign=\"middle\" height=\"71\">\n<p style=\"text-align: center;\">Energie 252kcal\/ 1070kJ,<\/p>\n<p style=\"text-align: center;\">Mati\u00e8res grasses 0.7g, Dont acides gras satur\u00e9s 0g, Glucides 61.9g, Dont sucres 59.2g, Prot\u00e9ines 0.5g, Sel 0.04g<\/p>\n<\/td>\n<\/tr>\n<\/tbody>\n<\/table>\n","protected":false},"excerpt":{"rendered":"<p>Pot 250g, 24\u20ac le kg Ingr\u00e9dients : Figues, sucre, pectine, acide citrique Confiture extra pr\u00e9par\u00e9e avec 50g de fruits pour 100g Energie 252kcal\/ 1070kJ, Mati\u00e8res grasses 0.7g, Dont acides gras satur\u00e9s 0g, Glucides 61.9g, Dont sucres 59.2g, Prot\u00e9ines 0.5g, Sel 0.04g<\/p>\n","protected":false},"featured_media":0,"template":"","meta":[],"product_brand":[],"product_cat":[26],"product_tag":[],"class_list":{"0":"post-385","1":"product","2":"type-product","3":"status-publish","5":"product_cat-epicerie-fine","7":"first","8":"outofstock","9":"taxable","10":"shipping-taxable","11":"purchasable","12":"product-type-simple"},"jetpack_sharing_enabled":true,"_links":{"self":[{"href":"https:\/\/leconfitdascain.fr\/index.php?rest_route=\/wp\/v2\/product\/385","targetHints":{"allow":["GET"]}}],"collection":[{"href":"https:\/\/leconfitdascain.fr\/index.php?rest_route=\/wp\/v2\/product"}],"about":[{"href":"https:\/\/leconfitdascain.fr\/index.php?rest_route=\/wp\/v2\/types\/product"}],"wp:attachment":[{"href":"https:\/\/leconfitdascain.fr\/index.php?rest_route=%2Fwp%2Fv2%2Fmedia&parent=385"}],"wp:term":[{"taxonomy":"product_brand","embeddable":true,"href":"https:\/\/leconfitdascain.fr\/index.php?rest_route=%2Fwp%2Fv2%2Fproduct_brand&post=385"},{"taxonomy":"product_cat","embeddable":true,"href":"https:\/\/leconfitdascain.fr\/index.php?rest_route=%2Fwp%2Fv2%2Fproduct_cat&post=385"},{"taxonomy":"product_tag","embeddable":true,"href":"https:\/\/leconfitdascain.fr\/index.php?rest_route=%2Fwp%2Fv2%2Fproduct_tag&post=385"}],"curies":[{"name":"wp","href":"https:\/\/api.w.org\/{rel}","templated":true}]}}