{"id":381,"date":"2024-08-19T16:44:01","date_gmt":"2024-08-19T14:44:01","guid":{"rendered":"http:\/\/leconfitdascain.fr\/?post_type=product&#038;p=381"},"modified":"2026-04-22T09:54:16","modified_gmt":"2026-04-22T07:54:16","slug":"cerises-noires","status":"publish","type":"product","link":"https:\/\/leconfitdascain.fr\/?product=cerises-noires","title":{"rendered":"Confiture de prunelles noires du Pays Basque"},"content":{"rendered":"<p>Pot de 250g, 26.00\u20ac le kg<br \/>\nIngr\u00e9dients : prunelles noires, sucre, pectine, acide citrique<\/p>\n<p>Les confitures de Hautes Soule<\/p>\n<p>cerises noires 100% issu de fruit, 50g de sucre pour 100g de fruits.<\/p>\n<p>Pour d\u00e9guster au petit d\u00e9jeuner, avec le fromage et faire le g\u00e2teau basque.<\/p>\n<table border=\"0\" cellspacing=\"0\">\n<colgroup width=\"323\"><\/colgroup>\n<tbody>\n<tr>\n<td align=\"center\" valign=\"middle\" height=\"71\">\u00a0Energie : 727 kJ \/ 174 kCal Lipides : 0.2 g dont AG satur\u00e9s : inf\u00e9rieur \u00e0 0g, Glucides : 42 g dont sucres : 42g Prot\u00e9ines : 0.8 g Sel : inf \u00e0 0.1 g<\/td>\n<\/tr>\n<\/tbody>\n<\/table>\n","protected":false},"excerpt":{"rendered":"<p>Pot de 250g, 26.00\u20ac le kg Ingr\u00e9dients : prunelles noires, sucre, pectine, acide citrique Les confitures de Hautes Soule cerises noires 100% issu de fruit, 50g de sucre pour 100g de fruits. Pour d\u00e9guster au petit d\u00e9jeuner, avec le fromage et faire le g\u00e2teau basque. \u00a0Energie : 727 kJ \/ 174 kCal Lipides : 0.2 [&hellip;]<\/p>\n","protected":false},"featured_media":0,"template":"","meta":[],"product_brand":[],"product_cat":[15,26],"product_tag":[],"class_list":{"0":"post-381","1":"product","2":"type-product","3":"status-publish","5":"product_cat-non-classe","6":"product_cat-epicerie-fine","8":"first","9":"instock","10":"taxable","11":"shipping-taxable","12":"purchasable","13":"product-type-simple"},"jetpack_sharing_enabled":true,"_links":{"self":[{"href":"https:\/\/leconfitdascain.fr\/index.php?rest_route=\/wp\/v2\/product\/381","targetHints":{"allow":["GET"]}}],"collection":[{"href":"https:\/\/leconfitdascain.fr\/index.php?rest_route=\/wp\/v2\/product"}],"about":[{"href":"https:\/\/leconfitdascain.fr\/index.php?rest_route=\/wp\/v2\/types\/product"}],"wp:attachment":[{"href":"https:\/\/leconfitdascain.fr\/index.php?rest_route=%2Fwp%2Fv2%2Fmedia&parent=381"}],"wp:term":[{"taxonomy":"product_brand","embeddable":true,"href":"https:\/\/leconfitdascain.fr\/index.php?rest_route=%2Fwp%2Fv2%2Fproduct_brand&post=381"},{"taxonomy":"product_cat","embeddable":true,"href":"https:\/\/leconfitdascain.fr\/index.php?rest_route=%2Fwp%2Fv2%2Fproduct_cat&post=381"},{"taxonomy":"product_tag","embeddable":true,"href":"https:\/\/leconfitdascain.fr\/index.php?rest_route=%2Fwp%2Fv2%2Fproduct_tag&post=381"}],"curies":[{"name":"wp","href":"https:\/\/api.w.org\/{rel}","templated":true}]}}