{"id":361,"date":"2024-08-19T16:16:22","date_gmt":"2024-08-19T14:16:22","guid":{"rendered":"http:\/\/leconfitdascain.fr\/?post_type=product&#038;p=361"},"modified":"2025-09-12T15:02:29","modified_gmt":"2025-09-12T13:02:29","slug":"gin-ilargia-70cl","status":"publish","type":"product","link":"https:\/\/leconfitdascain.fr\/?product=gin-ilargia-70cl","title":{"rendered":"Gin Ilargia 70cl"},"content":{"rendered":"<p>la bouteille de 70cl soit 54,28\u20ac le litre<\/p>\n<p>Ilargia : la lune en basque<\/p>\n<p>Gin authentique cr\u00e9\u00e9 par Fran\u00e7ois Iraola par la Distillerie Larrun, en collaboration avec la Brasserie Akerbeltz \u00e0 Ascain.<\/p>\n<p>D\u00e9couvrez le tout nouveau Gin ILARGIA fabriqu\u00e9 avec du houblon citra aux douces notes d\u2019agrumes.<\/p>\n<p>\u00ab L\u2019abus d\u2019alcool est dangereux pour la sant\u00e9, \u00e0 consommer avec mod\u00e9ration \u00bb<\/p>\n","protected":false},"excerpt":{"rendered":"<p>la bouteille de 70cl soit 54,28\u20ac le litre Ilargia : la lune en basque Gin authentique cr\u00e9\u00e9 par Fran\u00e7ois Iraola par la Distillerie Larrun, en collaboration avec la Brasserie Akerbeltz \u00e0 Ascain. D\u00e9couvrez le tout nouveau Gin ILARGIA fabriqu\u00e9 avec du houblon citra aux douces notes d\u2019agrumes. \u00ab L\u2019abus d\u2019alcool est dangereux pour la sant\u00e9, [&hellip;]<\/p>\n","protected":false},"featured_media":362,"template":"","meta":[],"product_brand":[],"product_cat":[26,27],"product_tag":[],"class_list":{"0":"post-361","1":"product","2":"type-product","3":"status-publish","4":"has-post-thumbnail","6":"product_cat-epicerie-fine","7":"product_cat-vins-et-boissons","9":"first","10":"instock","11":"taxable","12":"shipping-taxable","13":"purchasable","14":"product-type-simple"},"jetpack_sharing_enabled":true,"_links":{"self":[{"href":"https:\/\/leconfitdascain.fr\/index.php?rest_route=\/wp\/v2\/product\/361","targetHints":{"allow":["GET"]}}],"collection":[{"href":"https:\/\/leconfitdascain.fr\/index.php?rest_route=\/wp\/v2\/product"}],"about":[{"href":"https:\/\/leconfitdascain.fr\/index.php?rest_route=\/wp\/v2\/types\/product"}],"wp:featuredmedia":[{"embeddable":true,"href":"https:\/\/leconfitdascain.fr\/index.php?rest_route=\/wp\/v2\/media\/362"}],"wp:attachment":[{"href":"https:\/\/leconfitdascain.fr\/index.php?rest_route=%2Fwp%2Fv2%2Fmedia&parent=361"}],"wp:term":[{"taxonomy":"product_brand","embeddable":true,"href":"https:\/\/leconfitdascain.fr\/index.php?rest_route=%2Fwp%2Fv2%2Fproduct_brand&post=361"},{"taxonomy":"product_cat","embeddable":true,"href":"https:\/\/leconfitdascain.fr\/index.php?rest_route=%2Fwp%2Fv2%2Fproduct_cat&post=361"},{"taxonomy":"product_tag","embeddable":true,"href":"https:\/\/leconfitdascain.fr\/index.php?rest_route=%2Fwp%2Fv2%2Fproduct_tag&post=361"}],"curies":[{"name":"wp","href":"https:\/\/api.w.org\/{rel}","templated":true}]}}