{"id":358,"date":"2024-08-19T16:15:08","date_gmt":"2024-08-19T14:15:08","guid":{"rendered":"http:\/\/leconfitdascain.fr\/?post_type=product&#038;p=358"},"modified":"2026-03-31T17:36:22","modified_gmt":"2026-03-31T15:36:22","slug":"rouge-domaine-mourguy-75cl","status":"publish","type":"product","link":"https:\/\/leconfitdascain.fr\/?product=rouge-domaine-mourguy-75cl","title":{"rendered":"Domaine Mourguy rouge 75cl 2021"},"content":{"rendered":"<p>Bouteille de 75cl 20.90\u20ac soit 27.86\u20ac le litre<\/p>\n<p class=\"p1\"><span class=\"s1\">Ce vin de caract\u00e8re aux tannins fins et \u00e9l\u00e9gants est un assemblage 60\u00a0%<span class=\"Apple-converted-space\">\u00a0\u00a0<\/span>Tannat, 20\u00a0% Cabernet Franc, 20\u00a0% Cabernet Sauvignon. Ar\u00f4mes de petits fruits noirs qui lui donnent une agr\u00e9able fra\u00eecheur.<\/span><\/p>\n<p class=\"p1\"><span class=\"s1\">Tr\u00e8s agr\u00e9able il est id\u00e9al pour accompagner la gastronomie Basque et celle du Sud Ouest comme les charcuteries et fromages, les viandes rouges, les volailles fermi\u00e8res, et grillades et quelques poisson comme par exemple le thon.\u00a0<span class=\"Apple-converted-space\">\u00a0 \u00a0<\/span><\/span><\/p>\n<p>Garde possible 8\/10 ans.<\/p>\n<p>Cit\u00e9 sur le Guide Hachette 2021<\/p>\n<p>Le Domaine Mourguy :<\/p>\n<div class=\"fusion-layout-column fusion_builder_column fusion-builder-column-1 fusion_builder_column_1_6 1_6 fusion-one-sixth fusion-column-first\">\n<div class=\"fusion-column-wrapper fusion-flex-column-wrapper-legacy\">\n<div class=\"fusion-clearfix\"><\/div>\n<\/div>\n<\/div>\n<div class=\"fusion-layout-column fusion_builder_column fusion-builder-column-2 fusion_builder_column_2_3 2_3 fusion-two-third\">\n<div class=\"fusion-column-wrapper fusion-flex-column-wrapper-legacy\">\n<div class=\"fusion-text fusion-text-2\">\n<h3 class=\"p1 fusion-responsive-typography-calculated\" data-fontsize=\"26\" data-lineheight=\"40.56px\"><span class=\"s1\">LE DOMAINE, NOTRE HISTOIRE DE FAMILLE, NOS VALEURS\u2026<\/span><\/h3>\n<\/div>\n<div class=\"fusion-text fusion-text-3\">\n<p>Nous sommes vignerons ind\u00e9pendants, fr\u00e8res et soeur, sur la propri\u00e9t\u00e9 familiale, depuis plusieurs g\u00e9n\u00e9rations.<br \/>\nNous cultivons notre vigne en terrasses, accroch\u00e9e aux pentes abruptes de la montagne Arradoy \u00e0 Ispoure, sur les hauteurs de Saint Jean Pied de Port. Notre mode de culture demande beaucoup de travail manuel, m\u00e9thode en totale harmonie avec notre soucis de la protection de notre environnement afin de pr\u00e9server notre biodiversit\u00e9. Nous n\u2019utilisons pas de d\u00e9sherbants, ni d\u2019insecticides.<\/p>\n<\/div>\n<\/div>\n<\/div>\n","protected":false},"excerpt":{"rendered":"<p>Bouteille de 75cl 20.90\u20ac soit 27.86\u20ac le litre Ce vin de caract\u00e8re aux tannins fins et \u00e9l\u00e9gants est un assemblage 60\u00a0%\u00a0\u00a0Tannat, 20\u00a0% Cabernet Franc, 20\u00a0% Cabernet Sauvignon. Ar\u00f4mes de petits fruits noirs qui lui donnent une agr\u00e9able fra\u00eecheur. Tr\u00e8s agr\u00e9able il est id\u00e9al pour accompagner la gastronomie Basque et celle du Sud Ouest comme les [&hellip;]<\/p>\n","protected":false},"featured_media":359,"template":"","meta":[],"product_brand":[],"product_cat":[26,27],"product_tag":[],"class_list":{"0":"post-358","1":"product","2":"type-product","3":"status-publish","4":"has-post-thumbnail","6":"product_cat-epicerie-fine","7":"product_cat-vins-et-boissons","9":"first","10":"instock","11":"taxable","12":"shipping-taxable","13":"purchasable","14":"product-type-simple"},"jetpack_sharing_enabled":true,"_links":{"self":[{"href":"https:\/\/leconfitdascain.fr\/index.php?rest_route=\/wp\/v2\/product\/358","targetHints":{"allow":["GET"]}}],"collection":[{"href":"https:\/\/leconfitdascain.fr\/index.php?rest_route=\/wp\/v2\/product"}],"about":[{"href":"https:\/\/leconfitdascain.fr\/index.php?rest_route=\/wp\/v2\/types\/product"}],"wp:featuredmedia":[{"embeddable":true,"href":"https:\/\/leconfitdascain.fr\/index.php?rest_route=\/wp\/v2\/media\/359"}],"wp:attachment":[{"href":"https:\/\/leconfitdascain.fr\/index.php?rest_route=%2Fwp%2Fv2%2Fmedia&parent=358"}],"wp:term":[{"taxonomy":"product_brand","embeddable":true,"href":"https:\/\/leconfitdascain.fr\/index.php?rest_route=%2Fwp%2Fv2%2Fproduct_brand&post=358"},{"taxonomy":"product_cat","embeddable":true,"href":"https:\/\/leconfitdascain.fr\/index.php?rest_route=%2Fwp%2Fv2%2Fproduct_cat&post=358"},{"taxonomy":"product_tag","embeddable":true,"href":"https:\/\/leconfitdascain.fr\/index.php?rest_route=%2Fwp%2Fv2%2Fproduct_tag&post=358"}],"curies":[{"name":"wp","href":"https:\/\/api.w.org\/{rel}","templated":true}]}}