{"id":355,"date":"2024-08-19T16:13:26","date_gmt":"2024-08-19T14:13:26","guid":{"rendered":"http:\/\/leconfitdascain.fr\/?post_type=product&#038;p=355"},"modified":"2025-09-12T15:05:17","modified_gmt":"2025-09-12T13:05:17","slug":"rose-domaine-mourguy-75cl","status":"publish","type":"product","link":"https:\/\/leconfitdascain.fr\/?product=rose-domaine-mourguy-75cl","title":{"rendered":"Domaine Mourguy ros\u00e9 75cl"},"content":{"rendered":"<p>Bouteille de 75cl 15.90\u20ac soit 21.20\u20ac le litre<\/p>\n<p>Ce vin de caract\u00e8re, vineux et charmeur, est r\u00e9alis\u00e9 en pressurage direct avec un hrmonieux assemblage 1\/3 Tannat, 1\/3 Cabernet Franc, 1\/3 Cabernet Sauvignon.<\/p>\n<p>Sa vivacit\u00e9 et son temp\u00e9rament lui permettent d\u2019\u00eatre le compagnon id\u00e9al de la gastronomie Basque.<\/p>\n<p>Vous le servirez \u00e0 l\u2019ap\u00e9ritif seul ou encore avec des planches de charcuteries, \u00e0 table avec des viandes blanches, des grillades, des poissons des crustac\u00e9s. et des grillades.<\/p>\n<p>Garde 2\/3 ans.<\/p>\n<p>Le Domaine Mourguy :<\/p>\n<p>Nous sommes vignerons ind\u00e9pendants, fr\u00e8res et soeur, sur la propri\u00e9t\u00e9 familiale, depuis plusieurs g\u00e9n\u00e9rations.<br \/>\nNous cultivons notre vigne en terrasses, accroch\u00e9e aux pentes abruptes de la montagne Arradoy \u00e0 Ispoure, sur les hauteurs de Saint Jean Pied de Port. Notre mode de culture demande beaucoup de travail manuel, m\u00e9thode en totale harmonie avec notre soucis de la protection de notre environnement afin de pr\u00e9server notre biodiversit\u00e9. Nous n\u2019utilisons pas de d\u00e9sherbants, ni d\u2019insecticides.<\/p>\n","protected":false},"excerpt":{"rendered":"<p>Bouteille de 75cl 15.90\u20ac soit 21.20\u20ac le litre Ce vin de caract\u00e8re, vineux et charmeur, est r\u00e9alis\u00e9 en pressurage direct avec un hrmonieux assemblage 1\/3 Tannat, 1\/3 Cabernet Franc, 1\/3 Cabernet Sauvignon. Sa vivacit\u00e9 et son temp\u00e9rament lui permettent d\u2019\u00eatre le compagnon id\u00e9al de la gastronomie Basque. Vous le servirez \u00e0 l\u2019ap\u00e9ritif seul ou encore [&hellip;]<\/p>\n","protected":false},"featured_media":356,"template":"","meta":[],"product_brand":[],"product_cat":[26,27],"product_tag":[],"class_list":{"0":"post-355","1":"product","2":"type-product","3":"status-publish","4":"has-post-thumbnail","6":"product_cat-epicerie-fine","7":"product_cat-vins-et-boissons","9":"first","10":"instock","11":"taxable","12":"shipping-taxable","13":"purchasable","14":"product-type-simple"},"jetpack_sharing_enabled":true,"_links":{"self":[{"href":"https:\/\/leconfitdascain.fr\/index.php?rest_route=\/wp\/v2\/product\/355","targetHints":{"allow":["GET"]}}],"collection":[{"href":"https:\/\/leconfitdascain.fr\/index.php?rest_route=\/wp\/v2\/product"}],"about":[{"href":"https:\/\/leconfitdascain.fr\/index.php?rest_route=\/wp\/v2\/types\/product"}],"wp:featuredmedia":[{"embeddable":true,"href":"https:\/\/leconfitdascain.fr\/index.php?rest_route=\/wp\/v2\/media\/356"}],"wp:attachment":[{"href":"https:\/\/leconfitdascain.fr\/index.php?rest_route=%2Fwp%2Fv2%2Fmedia&parent=355"}],"wp:term":[{"taxonomy":"product_brand","embeddable":true,"href":"https:\/\/leconfitdascain.fr\/index.php?rest_route=%2Fwp%2Fv2%2Fproduct_brand&post=355"},{"taxonomy":"product_cat","embeddable":true,"href":"https:\/\/leconfitdascain.fr\/index.php?rest_route=%2Fwp%2Fv2%2Fproduct_cat&post=355"},{"taxonomy":"product_tag","embeddable":true,"href":"https:\/\/leconfitdascain.fr\/index.php?rest_route=%2Fwp%2Fv2%2Fproduct_tag&post=355"}],"curies":[{"name":"wp","href":"https:\/\/api.w.org\/{rel}","templated":true}]}}