{"id":338,"date":"2024-08-19T15:06:57","date_gmt":"2024-08-19T13:06:57","guid":{"rendered":"http:\/\/leconfitdascain.fr\/?post_type=product&#038;p=338"},"modified":"2025-12-07T12:01:09","modified_gmt":"2025-12-07T11:01:09","slug":"poulet-basquaise-1-part","status":"publish","type":"product","link":"https:\/\/leconfitdascain.fr\/?product=poulet-basquaise-1-part","title":{"rendered":"Poulet basquaise 1 part"},"content":{"rendered":"<p>Bocal de 390g, 19.23\u20ac le kg<\/p>\n<p>Ingr\u00e9dients :<br \/>\nCuisse de poulet, tomates pel\u00e9es, oignons, piments doux, sucre, sel, poivre et piment d&rsquo;Espelette,<\/p>\n<p><strong>Conseils de pr\u00e9paration :<\/strong><br \/>\nR\u00e9chauffez \u00e0 feu doux dans une casserole ou au four dans un plat en terre \u00e0 140\u00b0c 15 min environ.<\/p>\n<table border=\"0\" cellspacing=\"0\">\n<colgroup width=\"323\"><\/colgroup>\n<tbody>\n<tr>\n<td align=\"center\" valign=\"middle\" height=\"71\">\n<p style=\"text-align: center;\">Energie\u00a0425.8 kJ &#8211;\u00a0134.1 kcal,<\/p>\n<p style=\"text-align: center;\">Mati\u00e8res grasses\u00a03.5 g dont acides gras satur\u00e9s\u00a01.1 g, Glucides\u00a05.4 g dont sucres\u00a04.9 g, Prot\u00e9ines 10.7 g &#8211; Sel\u00a01 g<\/p>\n<\/td>\n<\/tr>\n<\/tbody>\n<\/table>\n","protected":false},"excerpt":{"rendered":"<p>Bocal de 390g, 19.23\u20ac le kg Ingr\u00e9dients : Cuisse de poulet, tomates pel\u00e9es, oignons, piments doux, sucre, sel, poivre et piment d&rsquo;Espelette, Conseils de pr\u00e9paration : R\u00e9chauffez \u00e0 feu doux dans une casserole ou au four dans un plat en terre \u00e0 140\u00b0c 15 min environ. Energie\u00a0425.8 kJ &#8211;\u00a0134.1 kcal, Mati\u00e8res grasses\u00a03.5 g dont acides [&hellip;]<\/p>\n","protected":false},"featured_media":339,"template":"","meta":[],"product_brand":[],"product_cat":[25],"product_tag":[],"class_list":{"0":"post-338","1":"product","2":"type-product","3":"status-publish","4":"has-post-thumbnail","6":"product_cat-plats-cuisines","8":"first","9":"instock","10":"taxable","11":"shipping-taxable","12":"purchasable","13":"product-type-simple"},"jetpack_sharing_enabled":true,"_links":{"self":[{"href":"https:\/\/leconfitdascain.fr\/index.php?rest_route=\/wp\/v2\/product\/338","targetHints":{"allow":["GET"]}}],"collection":[{"href":"https:\/\/leconfitdascain.fr\/index.php?rest_route=\/wp\/v2\/product"}],"about":[{"href":"https:\/\/leconfitdascain.fr\/index.php?rest_route=\/wp\/v2\/types\/product"}],"wp:featuredmedia":[{"embeddable":true,"href":"https:\/\/leconfitdascain.fr\/index.php?rest_route=\/wp\/v2\/media\/339"}],"wp:attachment":[{"href":"https:\/\/leconfitdascain.fr\/index.php?rest_route=%2Fwp%2Fv2%2Fmedia&parent=338"}],"wp:term":[{"taxonomy":"product_brand","embeddable":true,"href":"https:\/\/leconfitdascain.fr\/index.php?rest_route=%2Fwp%2Fv2%2Fproduct_brand&post=338"},{"taxonomy":"product_cat","embeddable":true,"href":"https:\/\/leconfitdascain.fr\/index.php?rest_route=%2Fwp%2Fv2%2Fproduct_cat&post=338"},{"taxonomy":"product_tag","embeddable":true,"href":"https:\/\/leconfitdascain.fr\/index.php?rest_route=%2Fwp%2Fv2%2Fproduct_tag&post=338"}],"curies":[{"name":"wp","href":"https:\/\/api.w.org\/{rel}","templated":true}]}}