{"id":335,"date":"2024-08-19T15:04:29","date_gmt":"2024-08-19T13:04:29","guid":{"rendered":"http:\/\/leconfitdascain.fr\/?post_type=product&#038;p=335"},"modified":"2026-03-23T09:47:24","modified_gmt":"2026-03-23T08:47:24","slug":"piperade-basquaise-780gr","status":"publish","type":"product","link":"https:\/\/leconfitdascain.fr\/?product=piperade-basquaise-780gr","title":{"rendered":"Piperade basquaise 780gr"},"content":{"rendered":"<p><span style=\"font-weight: 400;\">Bocal 780g, 8.84\u20ac le kg<br \/>\n<\/span><br style=\"font-weight: 400;\" \/><span style=\"font-weight: 400;\">Ingr\u00e9dients :<br \/>\ntomates pel\u00e9es, oignons, piments, huile, sel, sucre, poivre<\/span><br style=\"font-weight: 400;\" \/><br style=\"font-weight: 400;\" \/><strong>Conseils de pr\u00e9paration :<\/strong><br style=\"font-weight: 400;\" \/><span style=\"font-weight: 400;\">La piperade est \u00e0 la base de bien des plats de la cuisine basque, en gastronomie on l&rsquo;appelle sauce basquaise.<\/span><br style=\"font-weight: 400;\" \/><span style=\"font-weight: 400;\">On peut y brouiller des \u0153ufs et la servir avec une belle tranche de jambon de Bayonne po\u00eal\u00e9e et\/ou avec des \u0153ufs frits.<\/span><br style=\"font-weight: 400;\" \/><span style=\"font-weight: 400;\">le fricot : faire mijoter au four des saucisses confites, ou des coustons confits ou du boudin noir dans une bonne quantit\u00e9 de piperade.<\/span><br style=\"font-weight: 400;\" \/><span style=\"font-weight: 400;\">Vous pouvez\u00a0 faire\u00a0 un poulet ou du thon basquaise ou avec un lapin confit.<\/span><br style=\"font-weight: 400;\" \/><span style=\"font-weight: 400;\">Vous la servirez aussi avec du riz, remplacerez le ketchup pour les enfant en la r\u00e9duisant en colis.<\/span><br style=\"font-weight: 400;\" \/><br style=\"font-weight: 400;\" \/><\/p>\n<table>\n<tbody>\n<tr>\n<td>\n<p style=\"text-align: center;\">Energie\u00a0378.4 kJ &#8211;\u00a090.7 kcal,<\/p>\n<p style=\"text-align: center;\">Mati\u00e8res grasses\u00a04.4 g dont acides gras satur\u00e9s 1.4 g, Glucides\u00a08.4 g dont sucres\u00a07.4 g, Prot\u00e9ines\u00a02.1 g &#8211; Sel\u00a00.75 g<\/p>\n<\/td>\n<\/tr>\n<\/tbody>\n<\/table>\n","protected":false},"excerpt":{"rendered":"<p>Bocal 780g, 8.84\u20ac le kg Ingr\u00e9dients : tomates pel\u00e9es, oignons, piments, huile, sel, sucre, poivreConseils de pr\u00e9paration :La piperade est \u00e0 la base de bien des plats de la cuisine basque, en gastronomie on l&rsquo;appelle sauce basquaise.On peut y brouiller des \u0153ufs et la servir avec une belle tranche de jambon de Bayonne po\u00eal\u00e9e et\/ou [&hellip;]<\/p>\n","protected":false},"featured_media":336,"template":"","meta":[],"product_brand":[],"product_cat":[25],"product_tag":[],"class_list":{"0":"post-335","1":"product","2":"type-product","3":"status-publish","4":"has-post-thumbnail","6":"product_cat-plats-cuisines","8":"first","9":"instock","10":"taxable","11":"shipping-taxable","12":"purchasable","13":"product-type-simple"},"jetpack_sharing_enabled":true,"_links":{"self":[{"href":"https:\/\/leconfitdascain.fr\/index.php?rest_route=\/wp\/v2\/product\/335","targetHints":{"allow":["GET"]}}],"collection":[{"href":"https:\/\/leconfitdascain.fr\/index.php?rest_route=\/wp\/v2\/product"}],"about":[{"href":"https:\/\/leconfitdascain.fr\/index.php?rest_route=\/wp\/v2\/types\/product"}],"wp:featuredmedia":[{"embeddable":true,"href":"https:\/\/leconfitdascain.fr\/index.php?rest_route=\/wp\/v2\/media\/336"}],"wp:attachment":[{"href":"https:\/\/leconfitdascain.fr\/index.php?rest_route=%2Fwp%2Fv2%2Fmedia&parent=335"}],"wp:term":[{"taxonomy":"product_brand","embeddable":true,"href":"https:\/\/leconfitdascain.fr\/index.php?rest_route=%2Fwp%2Fv2%2Fproduct_brand&post=335"},{"taxonomy":"product_cat","embeddable":true,"href":"https:\/\/leconfitdascain.fr\/index.php?rest_route=%2Fwp%2Fv2%2Fproduct_cat&post=335"},{"taxonomy":"product_tag","embeddable":true,"href":"https:\/\/leconfitdascain.fr\/index.php?rest_route=%2Fwp%2Fv2%2Fproduct_tag&post=335"}],"curies":[{"name":"wp","href":"https:\/\/api.w.org\/{rel}","templated":true}]}}