{"id":324,"date":"2024-08-19T14:51:43","date_gmt":"2024-08-19T12:51:43","guid":{"rendered":"http:\/\/leconfitdascain.fr\/?post_type=product&#038;p=324"},"modified":"2026-05-14T19:40:29","modified_gmt":"2026-05-14T17:40:29","slug":"garbure-2-parts","status":"publish","type":"product","link":"https:\/\/leconfitdascain.fr\/?product=garbure-2-parts","title":{"rendered":"Garbure 2 parts"},"content":{"rendered":"<p style=\"font-weight: 400;\">Bocal de 780g, 16.79\u20ac le kg<br \/>\nIngr\u00e9dients : choux, poireaux, carottes, haricots lingots, 2 manchons de canard, jambon, bouquet garni (laurier, thym, persil), eau pour le bouillon<\/p>\n<p style=\"font-weight: 400;\"><strong>Conseils de pr\u00e9paration :<\/strong><br \/>\nR\u00e9chauffez dans une marmite \u00e0 feu doux.<\/p>\n<p>La garbure comporte des l\u00e9gumes du jardin et de saison, des plantes aromatiques et des haricots secs. Elle est agr\u00e9ment\u00e9 de manchons de canard confits et vous pouviez y ajouter des saucisses confites par exemple.<\/p>\n<table>\n<tbody>\n<tr>\n<td>\n<p style=\"text-align: center;\">Energie 73kcal\/ 303kJ,<\/p>\n<p style=\"text-align: center;\">Mati\u00e8res grasses 4,2g, Dont acides gras satur\u00e9s 1,5g, Glucides 2,9g, Dont sucres 1,6g, Prot\u00e9ines 5g, Sel 0,76g<\/p>\n<\/td>\n<\/tr>\n<\/tbody>\n<\/table>\n","protected":false},"excerpt":{"rendered":"<p>Bocal de 780g, 16.79\u20ac le kg Ingr\u00e9dients : choux, poireaux, carottes, haricots lingots, 2 manchons de canard, jambon, bouquet garni (laurier, thym, persil), eau pour le bouillon Conseils de pr\u00e9paration : R\u00e9chauffez dans une marmite \u00e0 feu doux. La garbure comporte des l\u00e9gumes du jardin et de saison, des plantes aromatiques et des haricots secs. [&hellip;]<\/p>\n","protected":false},"featured_media":325,"template":"","meta":[],"product_brand":[],"product_cat":[25],"product_tag":[],"class_list":{"0":"post-324","1":"product","2":"type-product","3":"status-publish","4":"has-post-thumbnail","6":"product_cat-plats-cuisines","8":"first","9":"instock","10":"taxable","11":"shipping-taxable","12":"purchasable","13":"product-type-simple"},"jetpack_sharing_enabled":true,"_links":{"self":[{"href":"https:\/\/leconfitdascain.fr\/index.php?rest_route=\/wp\/v2\/product\/324","targetHints":{"allow":["GET"]}}],"collection":[{"href":"https:\/\/leconfitdascain.fr\/index.php?rest_route=\/wp\/v2\/product"}],"about":[{"href":"https:\/\/leconfitdascain.fr\/index.php?rest_route=\/wp\/v2\/types\/product"}],"wp:featuredmedia":[{"embeddable":true,"href":"https:\/\/leconfitdascain.fr\/index.php?rest_route=\/wp\/v2\/media\/325"}],"wp:attachment":[{"href":"https:\/\/leconfitdascain.fr\/index.php?rest_route=%2Fwp%2Fv2%2Fmedia&parent=324"}],"wp:term":[{"taxonomy":"product_brand","embeddable":true,"href":"https:\/\/leconfitdascain.fr\/index.php?rest_route=%2Fwp%2Fv2%2Fproduct_brand&post=324"},{"taxonomy":"product_cat","embeddable":true,"href":"https:\/\/leconfitdascain.fr\/index.php?rest_route=%2Fwp%2Fv2%2Fproduct_cat&post=324"},{"taxonomy":"product_tag","embeddable":true,"href":"https:\/\/leconfitdascain.fr\/index.php?rest_route=%2Fwp%2Fv2%2Fproduct_tag&post=324"}],"curies":[{"name":"wp","href":"https:\/\/api.w.org\/{rel}","templated":true}]}}