{"id":314,"date":"2024-08-19T14:38:22","date_gmt":"2024-08-19T12:38:22","guid":{"rendered":"http:\/\/leconfitdascain.fr\/?post_type=product&#038;p=314"},"modified":"2026-04-11T18:34:10","modified_gmt":"2026-04-11T16:34:10","slug":"chipirons-a-lencre","status":"publish","type":"product","link":"https:\/\/leconfitdascain.fr\/?product=chipirons-a-lencre","title":{"rendered":"Chipirons \u00e0 l&rsquo;encre"},"content":{"rendered":"<p>Bocal de 390g soit 1 \u00e0 2 parts, 40.77\u20ac le kg<br \/>\nIngr\u00e9dients :\u00a0Chipirons (petits encornets), oignons, tomates, huile d&rsquo;olive, sel, poivre, vin blanc, Armagnac<\/p>\n<div><strong>Conseil de pr\u00e9paration :<\/strong><\/div>\n<div>R\u00e9chauffez dans un casserole \u00e0 feu doux ou au four dans un plat en terre.<\/div>\n<div>Servir avec du riz, des p\u00e2tes ou des pommes de terre vapeur.<\/div>\n<div>\n<p>Ils seront tout autant appr\u00e9cier \u00e0 l&rsquo;ap\u00e9ritif.<\/p>\n<table border=\"0\" cellspacing=\"0\">\n<colgroup width=\"323\"><\/colgroup>\n<tbody>\n<tr>\n<td align=\"center\" valign=\"middle\" height=\"71\">\n<p style=\"text-align: center;\">\u00a0Energie : 413 kJ \/ 98 kCal<\/p>\n<p style=\"text-align: center;\">Lipides : 1,6 g dont AG satur\u00e9s : inf\u00e9rieur \u00e0 0,1 g Glucides : 4 g dont sucres : inf\u00e9rieur \u00e0 0,5 g Prot\u00e9ines : 17 g Sel : 0,5 g<\/p>\n<\/td>\n<\/tr>\n<\/tbody>\n<\/table>\n<\/div>\n","protected":false},"excerpt":{"rendered":"<p>Bocal de 390g soit 1 \u00e0 2 parts, 40.77\u20ac le kg Ingr\u00e9dients :\u00a0Chipirons (petits encornets), oignons, tomates, huile d&rsquo;olive, sel, poivre, vin blanc, Armagnac Conseil de pr\u00e9paration : R\u00e9chauffez dans un casserole \u00e0 feu doux ou au four dans un plat en terre. Servir avec du riz, des p\u00e2tes ou des pommes de terre vapeur. [&hellip;]<\/p>\n","protected":false},"featured_media":1178,"template":"","meta":[],"product_brand":[],"product_cat":[25],"product_tag":[],"class_list":{"0":"post-314","1":"product","2":"type-product","3":"status-publish","4":"has-post-thumbnail","6":"product_cat-plats-cuisines","8":"first","9":"instock","10":"taxable","11":"shipping-taxable","12":"purchasable","13":"product-type-simple"},"jetpack_sharing_enabled":true,"_links":{"self":[{"href":"https:\/\/leconfitdascain.fr\/index.php?rest_route=\/wp\/v2\/product\/314","targetHints":{"allow":["GET"]}}],"collection":[{"href":"https:\/\/leconfitdascain.fr\/index.php?rest_route=\/wp\/v2\/product"}],"about":[{"href":"https:\/\/leconfitdascain.fr\/index.php?rest_route=\/wp\/v2\/types\/product"}],"wp:featuredmedia":[{"embeddable":true,"href":"https:\/\/leconfitdascain.fr\/index.php?rest_route=\/wp\/v2\/media\/1178"}],"wp:attachment":[{"href":"https:\/\/leconfitdascain.fr\/index.php?rest_route=%2Fwp%2Fv2%2Fmedia&parent=314"}],"wp:term":[{"taxonomy":"product_brand","embeddable":true,"href":"https:\/\/leconfitdascain.fr\/index.php?rest_route=%2Fwp%2Fv2%2Fproduct_brand&post=314"},{"taxonomy":"product_cat","embeddable":true,"href":"https:\/\/leconfitdascain.fr\/index.php?rest_route=%2Fwp%2Fv2%2Fproduct_cat&post=314"},{"taxonomy":"product_tag","embeddable":true,"href":"https:\/\/leconfitdascain.fr\/index.php?rest_route=%2Fwp%2Fv2%2Fproduct_tag&post=314"}],"curies":[{"name":"wp","href":"https:\/\/api.w.org\/{rel}","templated":true}]}}