{"id":303,"date":"2024-08-19T14:26:24","date_gmt":"2024-08-19T12:26:24","guid":{"rendered":"http:\/\/leconfitdascain.fr\/?post_type=product&#038;p=303"},"modified":"2026-03-24T10:28:49","modified_gmt":"2026-03-24T09:28:49","slug":"cassoulet-au-manchon-de-canard-confit-1-part","status":"publish","type":"product","link":"https:\/\/leconfitdascain.fr\/?product=cassoulet-au-manchon-de-canard-confit-1-part","title":{"rendered":"Cassoulet au manchon de canard confit 1 part"},"content":{"rendered":"<p>Bocal de 390g, 18.20\u20ac le kg<\/p>\n<p>Ingr\u00e9dients : haricots lingots, 1 manchon de canard confit, 1 saucisse de porc confite \u00e0 la graisse de canard (viande de porc, ail, sel, poivre, piment d&rsquo;Espelette), jambon cru, oignons, \u00e9chalotes, ail, tomates, sel, bouquet garni (thym, laurier, persil)<\/p>\n<p><strong>Conseils de pr\u00e9paration :<\/strong><br \/>\nDisposez le cassoulet dans un plat allant au four \u00e0 140\u00b0c et le r\u00e9chauffer 15 \u00e0 20 min. Puis le placer sous le grill durant 5 min.<\/p>\n<table border=\"0\" cellspacing=\"0\">\n<colgroup width=\"323\"><\/colgroup>\n<tbody>\n<tr>\n<td align=\"center\" valign=\"middle\" height=\"71\">\n<p style=\"text-align: center;\">Energie 144kcal\/ 600kJ,<\/p>\n<p style=\"text-align: center;\">Mati\u00e8res grasses 7,3g, Dont acides gras satur\u00e9s 3g, Glucides 7,1g, Dont sucres 0,9g, Prot\u00e9ines 11g, Sel 1,11g<\/p>\n<\/td>\n<\/tr>\n<\/tbody>\n<\/table>\n<p>&nbsp;<\/p>\n","protected":false},"excerpt":{"rendered":"<p>Bocal de 390g, 18.20\u20ac le kg Ingr\u00e9dients : haricots lingots, 1 manchon de canard confit, 1 saucisse de porc confite \u00e0 la graisse de canard (viande de porc, ail, sel, poivre, piment d&rsquo;Espelette), jambon cru, oignons, \u00e9chalotes, ail, tomates, sel, bouquet garni (thym, laurier, persil) Conseils de pr\u00e9paration : Disposez le cassoulet dans un plat [&hellip;]<\/p>\n","protected":false},"featured_media":304,"template":"","meta":[],"product_brand":[],"product_cat":[25],"product_tag":[],"class_list":{"0":"post-303","1":"product","2":"type-product","3":"status-publish","4":"has-post-thumbnail","6":"product_cat-plats-cuisines","8":"first","9":"instock","10":"taxable","11":"shipping-taxable","12":"purchasable","13":"product-type-simple"},"jetpack_sharing_enabled":true,"_links":{"self":[{"href":"https:\/\/leconfitdascain.fr\/index.php?rest_route=\/wp\/v2\/product\/303","targetHints":{"allow":["GET"]}}],"collection":[{"href":"https:\/\/leconfitdascain.fr\/index.php?rest_route=\/wp\/v2\/product"}],"about":[{"href":"https:\/\/leconfitdascain.fr\/index.php?rest_route=\/wp\/v2\/types\/product"}],"wp:featuredmedia":[{"embeddable":true,"href":"https:\/\/leconfitdascain.fr\/index.php?rest_route=\/wp\/v2\/media\/304"}],"wp:attachment":[{"href":"https:\/\/leconfitdascain.fr\/index.php?rest_route=%2Fwp%2Fv2%2Fmedia&parent=303"}],"wp:term":[{"taxonomy":"product_brand","embeddable":true,"href":"https:\/\/leconfitdascain.fr\/index.php?rest_route=%2Fwp%2Fv2%2Fproduct_brand&post=303"},{"taxonomy":"product_cat","embeddable":true,"href":"https:\/\/leconfitdascain.fr\/index.php?rest_route=%2Fwp%2Fv2%2Fproduct_cat&post=303"},{"taxonomy":"product_tag","embeddable":true,"href":"https:\/\/leconfitdascain.fr\/index.php?rest_route=%2Fwp%2Fv2%2Fproduct_tag&post=303"}],"curies":[{"name":"wp","href":"https:\/\/api.w.org\/{rel}","templated":true}]}}