{"id":267,"date":"2024-08-19T13:41:06","date_gmt":"2024-08-19T11:41:06","guid":{"rendered":"http:\/\/leconfitdascain.fr\/?post_type=product&#038;p=267"},"modified":"2026-03-17T12:44:53","modified_gmt":"2026-03-17T11:44:53","slug":"pate-de-campagne-au-piment-despelette-130gr","status":"publish","type":"product","link":"https:\/\/leconfitdascain.fr\/?product=pate-de-campagne-au-piment-despelette-130gr","title":{"rendered":"P\u00e2t\u00e9 de campagne au Piment d&rsquo;Espelette 130gr"},"content":{"rendered":"<p>Bo\u00eete de 130g, 20.70\u20ac kg<\/p>\n<p>Ingr\u00e9dients :<br \/>\nviande et foie de porc, sel, poivre, piment d&rsquo;Espelette, \u00e9chalotes, ail, <strong>FARINE<\/strong>, <strong>OEUF<\/strong><\/p>\n<p>Go\u00fbtez au go\u00fbt du Pays Basque !<\/p>\n<table border=\"0\" cellspacing=\"0\">\n<colgroup width=\"323\"><\/colgroup>\n<tbody>\n<tr>\n<td align=\"center\" valign=\"middle\" height=\"71\">\n<p style=\"text-align: center;\">Energie\u00a01567\u00a0kJ &#8211;\u00a0379\u00a0kcal,<\/p>\n<p style=\"text-align: center;\">Mati\u00e8res grasses 35.5\u00a0g dont acides gras satur\u00e9s\u00a013.4\u00a0g, Glucides\u00a01.3 g dont sucres 1\u00a0g, Prot\u00e9ines 13.6\u00a0g &#8211; Sel\u00a01.4 g<\/p>\n<\/td>\n<\/tr>\n<\/tbody>\n<\/table>\n<p>&nbsp;<\/p>\n","protected":false},"excerpt":{"rendered":"<p>Bo\u00eete de 130g, 20.70\u20ac kg Ingr\u00e9dients : viande et foie de porc, sel, poivre, piment d&rsquo;Espelette, \u00e9chalotes, ail, FARINE, OEUF Go\u00fbtez au go\u00fbt du Pays Basque ! Energie\u00a01567\u00a0kJ &#8211;\u00a0379\u00a0kcal, Mati\u00e8res grasses 35.5\u00a0g dont acides gras satur\u00e9s\u00a013.4\u00a0g, Glucides\u00a01.3 g dont sucres 1\u00a0g, Prot\u00e9ines 13.6\u00a0g &#8211; Sel\u00a01.4 g &nbsp;<\/p>\n","protected":false},"featured_media":268,"template":"","meta":[],"product_brand":[],"product_cat":[24],"product_tag":[],"class_list":{"0":"post-267","1":"product","2":"type-product","3":"status-publish","4":"has-post-thumbnail","6":"product_cat-entree","8":"first","9":"instock","10":"taxable","11":"shipping-taxable","12":"purchasable","13":"product-type-simple"},"jetpack_sharing_enabled":true,"_links":{"self":[{"href":"https:\/\/leconfitdascain.fr\/index.php?rest_route=\/wp\/v2\/product\/267","targetHints":{"allow":["GET"]}}],"collection":[{"href":"https:\/\/leconfitdascain.fr\/index.php?rest_route=\/wp\/v2\/product"}],"about":[{"href":"https:\/\/leconfitdascain.fr\/index.php?rest_route=\/wp\/v2\/types\/product"}],"wp:featuredmedia":[{"embeddable":true,"href":"https:\/\/leconfitdascain.fr\/index.php?rest_route=\/wp\/v2\/media\/268"}],"wp:attachment":[{"href":"https:\/\/leconfitdascain.fr\/index.php?rest_route=%2Fwp%2Fv2%2Fmedia&parent=267"}],"wp:term":[{"taxonomy":"product_brand","embeddable":true,"href":"https:\/\/leconfitdascain.fr\/index.php?rest_route=%2Fwp%2Fv2%2Fproduct_brand&post=267"},{"taxonomy":"product_cat","embeddable":true,"href":"https:\/\/leconfitdascain.fr\/index.php?rest_route=%2Fwp%2Fv2%2Fproduct_cat&post=267"},{"taxonomy":"product_tag","embeddable":true,"href":"https:\/\/leconfitdascain.fr\/index.php?rest_route=%2Fwp%2Fv2%2Fproduct_tag&post=267"}],"curies":[{"name":"wp","href":"https:\/\/api.w.org\/{rel}","templated":true}]}}