{"id":263,"date":"2024-08-19T13:34:02","date_gmt":"2024-08-19T11:34:02","guid":{"rendered":"http:\/\/leconfitdascain.fr\/?post_type=product&#038;p=263"},"modified":"2026-04-11T18:34:10","modified_gmt":"2026-04-11T16:34:10","slug":"pate-dascain-200gr","status":"publish","type":"product","link":"https:\/\/leconfitdascain.fr\/?product=pate-dascain-200gr","title":{"rendered":"P\u00e2t\u00e9 d&rsquo;Ascain 200g, m\u00e9daille d&rsquo;argent au Concours G\u00e9n\u00e9ral Agricole 2024"},"content":{"rendered":"<div>\n<p>Bo\u00eete de 200g, 29.00\u20ac le kg<\/p>\n<\/div>\n<div>Ingr\u00e9dients :<br \/>\nfoie gras de canard 20%, viande et foie de porc, sel, poivre, ail, \u00e9chalotes, FARINE, OEUF.<\/div>\n<div><\/div>\n<p>Le p\u00e2t\u00e9 de campagne avec le m\u00e9daillon de foie gras en son c\u0153ur, il vous \u00e9tonnera par son moelleux et ses saveurs.<\/p>\n<p><strong>M\u00e9daille d&rsquo;argent au Concours G\u00e9n\u00e9ral Agricole 2024<\/strong><\/p>\n<div><\/div>\n<table border=\"0\" cellspacing=\"0\">\n<colgroup width=\"323\"><\/colgroup>\n<tbody>\n<tr>\n<td align=\"center\" valign=\"middle\" height=\"71\">\n<p style=\"text-align: center;\">Energie\u00a01767\u00a0kJ &#8211;\u00a0428\u00a0kcal,<\/p>\n<p style=\"text-align: center;\">Mati\u00e8res grasses\u00a041.2\u00a0g dont acides gras satur\u00e9s 14.8\u00a0g, Glucides\u00a01.8\u00a0g dont sucres 0.9 g, Prot\u00e9ines 12.5\u00a0g &#8211; Sel\u00a01.2\u00a0g.<\/p>\n<\/td>\n<\/tr>\n<\/tbody>\n<\/table>\n","protected":false},"excerpt":{"rendered":"<p><strong>M\u00e9daille d&rsquo;Argent au Concours G\u00e9n\u00e9ral Agricole 2024<\/strong><\/p>\n","protected":false},"featured_media":1119,"template":"","meta":[],"product_brand":[],"product_cat":[24,33],"product_tag":[],"class_list":{"0":"post-263","1":"product","2":"type-product","3":"status-publish","4":"has-post-thumbnail","6":"product_cat-entree","7":"product_cat-medailles","9":"first","10":"instock","11":"taxable","12":"shipping-taxable","13":"purchasable","14":"product-type-simple"},"jetpack_sharing_enabled":true,"_links":{"self":[{"href":"https:\/\/leconfitdascain.fr\/index.php?rest_route=\/wp\/v2\/product\/263","targetHints":{"allow":["GET"]}}],"collection":[{"href":"https:\/\/leconfitdascain.fr\/index.php?rest_route=\/wp\/v2\/product"}],"about":[{"href":"https:\/\/leconfitdascain.fr\/index.php?rest_route=\/wp\/v2\/types\/product"}],"wp:featuredmedia":[{"embeddable":true,"href":"https:\/\/leconfitdascain.fr\/index.php?rest_route=\/wp\/v2\/media\/1119"}],"wp:attachment":[{"href":"https:\/\/leconfitdascain.fr\/index.php?rest_route=%2Fwp%2Fv2%2Fmedia&parent=263"}],"wp:term":[{"taxonomy":"product_brand","embeddable":true,"href":"https:\/\/leconfitdascain.fr\/index.php?rest_route=%2Fwp%2Fv2%2Fproduct_brand&post=263"},{"taxonomy":"product_cat","embeddable":true,"href":"https:\/\/leconfitdascain.fr\/index.php?rest_route=%2Fwp%2Fv2%2Fproduct_cat&post=263"},{"taxonomy":"product_tag","embeddable":true,"href":"https:\/\/leconfitdascain.fr\/index.php?rest_route=%2Fwp%2Fv2%2Fproduct_tag&post=263"}],"curies":[{"name":"wp","href":"https:\/\/api.w.org\/{rel}","templated":true}]}}