{"id":246,"date":"2024-08-19T11:25:02","date_gmt":"2024-08-19T09:25:02","guid":{"rendered":"http:\/\/leconfitdascain.fr\/?post_type=product&#038;p=246"},"modified":"2026-01-01T19:38:37","modified_gmt":"2026-01-01T18:38:37","slug":"guindillas","status":"publish","type":"product","link":"https:\/\/leconfitdascain.fr\/?product=guindillas","title":{"rendered":"Guindillas"},"content":{"rendered":"<p>Bocal de 300g, net \u00e9goutt\u00e9 130g, 18.67\u20ac le kg<\/p>\n<p>Ingr\u00e9dients : guindillas, vinaigre, sel, conservateurs (E223, E330), contient des sulfites<\/p>\n<p><strong>Conseils de pr\u00e9paration :<\/strong><br \/>\nLes guindillas sont des petits piments verts, mac\u00e9r\u00e9s dans du vinaigre extra comme les cornichons.<br \/>\nIls sont \u00e0 d\u00e9guster avec les charcuterie, le fromage de brebis et sur des tapas.<\/p>\n<table border=\"0\" cellspacing=\"0\">\n<colgroup width=\"323\"><\/colgroup>\n<tbody>\n<tr>\n<td align=\"center\" valign=\"middle\" height=\"71\">\n<p style=\"text-align: center;\">Energie : 118kJ\/28 kcal &#8211;<\/p>\n<p style=\"text-align: center;\">Mati\u00e8res grasses : 0.5g dont acides satur\u00e9s 0.3g &#8211; Glucides : 4.9g dont sucres 0g &#8211; Prot\u00e9ines : 0.9g &#8211; Sel : 1,4g<\/p>\n<\/td>\n<\/tr>\n<\/tbody>\n<\/table>\n","protected":false},"excerpt":{"rendered":"<p>Bocal de 300g, net \u00e9goutt\u00e9 130g, 18.67\u20ac le kg Ingr\u00e9dients : guindillas, vinaigre, sel, conservateurs (E223, E330), contient des sulfites Conseils de pr\u00e9paration : Les guindillas sont des petits piments verts, mac\u00e9r\u00e9s dans du vinaigre extra comme les cornichons. Ils sont \u00e0 d\u00e9guster avec les charcuterie, le fromage de brebis et sur des tapas. Energie [&hellip;]<\/p>\n","protected":false},"featured_media":247,"template":"","meta":[],"product_brand":[],"product_cat":[15,24,26],"product_tag":[],"class_list":{"0":"post-246","1":"product","2":"type-product","3":"status-publish","4":"has-post-thumbnail","6":"product_cat-non-classe","7":"product_cat-entree","8":"product_cat-epicerie-fine","10":"first","11":"instock","12":"taxable","13":"shipping-taxable","14":"purchasable","15":"product-type-simple"},"jetpack_sharing_enabled":true,"_links":{"self":[{"href":"https:\/\/leconfitdascain.fr\/index.php?rest_route=\/wp\/v2\/product\/246","targetHints":{"allow":["GET"]}}],"collection":[{"href":"https:\/\/leconfitdascain.fr\/index.php?rest_route=\/wp\/v2\/product"}],"about":[{"href":"https:\/\/leconfitdascain.fr\/index.php?rest_route=\/wp\/v2\/types\/product"}],"wp:featuredmedia":[{"embeddable":true,"href":"https:\/\/leconfitdascain.fr\/index.php?rest_route=\/wp\/v2\/media\/247"}],"wp:attachment":[{"href":"https:\/\/leconfitdascain.fr\/index.php?rest_route=%2Fwp%2Fv2%2Fmedia&parent=246"}],"wp:term":[{"taxonomy":"product_brand","embeddable":true,"href":"https:\/\/leconfitdascain.fr\/index.php?rest_route=%2Fwp%2Fv2%2Fproduct_brand&post=246"},{"taxonomy":"product_cat","embeddable":true,"href":"https:\/\/leconfitdascain.fr\/index.php?rest_route=%2Fwp%2Fv2%2Fproduct_cat&post=246"},{"taxonomy":"product_tag","embeddable":true,"href":"https:\/\/leconfitdascain.fr\/index.php?rest_route=%2Fwp%2Fv2%2Fproduct_tag&post=246"}],"curies":[{"name":"wp","href":"https:\/\/api.w.org\/{rel}","templated":true}]}}