{"id":186,"date":"2024-08-19T09:48:51","date_gmt":"2024-08-19T07:48:51","guid":{"rendered":"http:\/\/leconfitdascain.fr\/?post_type=product&#038;p=186"},"modified":"2026-04-03T21:12:26","modified_gmt":"2026-04-03T19:12:26","slug":"cous-confits-780gr","status":"publish","type":"product","link":"https:\/\/leconfitdascain.fr\/?product=cous-confits-780gr","title":{"rendered":"Confit de canard 8 \u00e0 10 demis cous"},"content":{"rendered":"<p>Bo\u00eete de 8 \u00e0 10 demi cous 780g, 11.66\u20ac le kg<br \/>\nIngr\u00e9dients : Cous de canard, graisse de canard, sel<\/p>\n<div><strong>Conseils de pr\u00e9paration :<\/strong><br \/>\nRetirez l&rsquo;exc\u00e9dent de graisse, grillez \u00e0 la po\u00eale ou d\u00e9posez dans un plat allant au four. R\u00e9chauffez 15 min au four \u00e0 180\u00b0c.<br \/>\nVous pouvez tout autant les plonger dans votre soupe de l\u00e9gumes ou les grignoter\u00a0\u00e0 l&rsquo;ap\u00e9ritif, avec les doigts bien-s\u00fbr.<\/div>\n<table border=\"0\" cellspacing=\"0\">\n<colgroup width=\"323\"><\/colgroup>\n<tbody>\n<tr>\n<td align=\"center\" valign=\"middle\" height=\"71\">\n<div style=\"text-align: center;\">Energie\u00a0562 kJ\/133kcal<\/div>\n<div style=\"text-align: center;\">Mati\u00e8res grasses\u00a03,8 g dont acides gras satur\u00e9s\u00a02,5 g, Glucides\u00a00 g dont sucres 0g, Prot\u00e9ines 25g &#8211; Sel\u00a02,2 g<\/div>\n<\/td>\n<\/tr>\n<\/tbody>\n<\/table>\n","protected":false},"excerpt":{"rendered":"<p>Bo\u00eete de 8 \u00e0 10 demi cous 780g, 11.66\u20ac le kg Ingr\u00e9dients : Cous de canard, graisse de canard, sel Conseils de pr\u00e9paration : Retirez l&rsquo;exc\u00e9dent de graisse, grillez \u00e0 la po\u00eale ou d\u00e9posez dans un plat allant au four. R\u00e9chauffez 15 min au four \u00e0 180\u00b0c. Vous pouvez tout autant les plonger dans votre [&hellip;]<\/p>\n","protected":false},"featured_media":1186,"template":"","meta":[],"product_brand":[],"product_cat":[22],"product_tag":[],"class_list":{"0":"post-186","1":"product","2":"type-product","3":"status-publish","4":"has-post-thumbnail","6":"product_cat-confit-de-canard","8":"first","9":"instock","10":"taxable","11":"shipping-taxable","12":"purchasable","13":"product-type-simple"},"jetpack_sharing_enabled":true,"_links":{"self":[{"href":"https:\/\/leconfitdascain.fr\/index.php?rest_route=\/wp\/v2\/product\/186","targetHints":{"allow":["GET"]}}],"collection":[{"href":"https:\/\/leconfitdascain.fr\/index.php?rest_route=\/wp\/v2\/product"}],"about":[{"href":"https:\/\/leconfitdascain.fr\/index.php?rest_route=\/wp\/v2\/types\/product"}],"wp:featuredmedia":[{"embeddable":true,"href":"https:\/\/leconfitdascain.fr\/index.php?rest_route=\/wp\/v2\/media\/1186"}],"wp:attachment":[{"href":"https:\/\/leconfitdascain.fr\/index.php?rest_route=%2Fwp%2Fv2%2Fmedia&parent=186"}],"wp:term":[{"taxonomy":"product_brand","embeddable":true,"href":"https:\/\/leconfitdascain.fr\/index.php?rest_route=%2Fwp%2Fv2%2Fproduct_brand&post=186"},{"taxonomy":"product_cat","embeddable":true,"href":"https:\/\/leconfitdascain.fr\/index.php?rest_route=%2Fwp%2Fv2%2Fproduct_cat&post=186"},{"taxonomy":"product_tag","embeddable":true,"href":"https:\/\/leconfitdascain.fr\/index.php?rest_route=%2Fwp%2Fv2%2Fproduct_tag&post=186"}],"curies":[{"name":"wp","href":"https:\/\/api.w.org\/{rel}","templated":true}]}}