{"id":178,"date":"2024-08-19T09:32:59","date_gmt":"2024-08-19T07:32:59","guid":{"rendered":"http:\/\/leconfitdascain.fr\/?post_type=product&#038;p=178"},"modified":"2026-04-03T21:12:26","modified_gmt":"2026-04-03T19:12:26","slug":"cinq-manchons-780gr","status":"publish","type":"product","link":"https:\/\/leconfitdascain.fr\/?product=cinq-manchons-780gr","title":{"rendered":"Confit de canard 5 manchons"},"content":{"rendered":"<p>Bo\u00eete de 780g, 11.41\u20ac le kg<br \/>\nIngr\u00e9dients : manchons de canard, graisse de canard, sel<\/p>\n<p style=\"text-align: left;\"><strong>Conseils de pr\u00e9paration :\u00a0<\/strong><br \/>\nRetirez l&rsquo;exc\u00e9dent de graisse et d\u00e9poser dans un plat allant au four. R\u00e9chauffer 15 minutes \u00e0 140\u00b0c puis faire griller la peau \u00e0 180\u00b0c selon votre convenance. Utilisez la graisse pour la cuisson des l\u00e9gumes (pommes de terre haricots verts et blancs, petits pis, carottes, c\u00e8pes\u2026)<br \/>\nUtilisez aussi les manchons de canard pour faire un bon parmentier.<\/p>\n<div>\n<table border=\"0\" cellspacing=\"0\">\n<colgroup width=\"323\"><\/colgroup>\n<tbody>\n<tr>\n<td style=\"text-align: center;\" align=\"center\" valign=\"middle\" height=\"102\">1458 kJ \/ 352 kcal<br \/>\nMati\u00e8res grasses : 30 g dont acides satur\u00e9s 9,9 g &#8211; Glucides : &lt;0,5 g dont sucres &lt;0,5 g &#8211; Prot\u00e9ines : 22 g &#8211; Sel : 1,7 g<\/td>\n<\/tr>\n<\/tbody>\n<\/table>\n<\/div>\n","protected":false},"excerpt":{"rendered":"<p>Bo\u00eete de 780g, 11.41\u20ac le kg Ingr\u00e9dients : manchons de canard, graisse de canard, sel Conseils de pr\u00e9paration :\u00a0 Retirez l&rsquo;exc\u00e9dent de graisse et d\u00e9poser dans un plat allant au four. R\u00e9chauffer 15 minutes \u00e0 140\u00b0c puis faire griller la peau \u00e0 180\u00b0c selon votre convenance. Utilisez la graisse pour la cuisson des l\u00e9gumes (pommes [&hellip;]<\/p>\n","protected":false},"featured_media":179,"template":"","meta":[],"product_brand":[],"product_cat":[22],"product_tag":[],"class_list":{"0":"post-178","1":"product","2":"type-product","3":"status-publish","4":"has-post-thumbnail","6":"product_cat-confit-de-canard","8":"first","9":"instock","10":"taxable","11":"shipping-taxable","12":"purchasable","13":"product-type-simple"},"jetpack_sharing_enabled":true,"_links":{"self":[{"href":"https:\/\/leconfitdascain.fr\/index.php?rest_route=\/wp\/v2\/product\/178","targetHints":{"allow":["GET"]}}],"collection":[{"href":"https:\/\/leconfitdascain.fr\/index.php?rest_route=\/wp\/v2\/product"}],"about":[{"href":"https:\/\/leconfitdascain.fr\/index.php?rest_route=\/wp\/v2\/types\/product"}],"wp:featuredmedia":[{"embeddable":true,"href":"https:\/\/leconfitdascain.fr\/index.php?rest_route=\/wp\/v2\/media\/179"}],"wp:attachment":[{"href":"https:\/\/leconfitdascain.fr\/index.php?rest_route=%2Fwp%2Fv2%2Fmedia&parent=178"}],"wp:term":[{"taxonomy":"product_brand","embeddable":true,"href":"https:\/\/leconfitdascain.fr\/index.php?rest_route=%2Fwp%2Fv2%2Fproduct_brand&post=178"},{"taxonomy":"product_cat","embeddable":true,"href":"https:\/\/leconfitdascain.fr\/index.php?rest_route=%2Fwp%2Fv2%2Fproduct_cat&post=178"},{"taxonomy":"product_tag","embeddable":true,"href":"https:\/\/leconfitdascain.fr\/index.php?rest_route=%2Fwp%2Fv2%2Fproduct_tag&post=178"}],"curies":[{"name":"wp","href":"https:\/\/api.w.org\/{rel}","templated":true}]}}