{"id":163,"date":"2024-08-15T17:47:59","date_gmt":"2024-08-15T15:47:59","guid":{"rendered":"http:\/\/leconfitdascain.fr\/?post_type=product&#038;p=163"},"modified":"2026-02-07T12:32:45","modified_gmt":"2026-02-07T11:32:45","slug":"bloc-de-foie-gras-de-canard-65gr","status":"publish","type":"product","link":"https:\/\/leconfitdascain.fr\/?product=bloc-de-foie-gras-de-canard-65gr","title":{"rendered":"Bloc de foie gras de canard 60gr"},"content":{"rendered":"<p>Ingr\u00e9dients : foie gras de canard, eau, sel, \u00e9pices.<\/p>\n<p>Bo\u00eete de 60g, 118.33\u20ac le kg<\/p>\n<p>Id\u00e9al pour les toasts en ap\u00e9ritif, contient 80% de foie gras de canard<\/p>\n<table border=\"0\" cellspacing=\"0\">\n<colgroup width=\"323\"><\/colgroup>\n<tbody>\n<tr>\n<td style=\"text-align: center;\" align=\"center\" valign=\"middle\" height=\"71\">Energie 488 Kcal \/ 2013 Kj,<br \/>\nMati\u00e8res grasses 50,10g, dont acides gras satur\u00e9s 22,90g, Glucides 2g, dont sucres 0,40g, Prot\u00e9ines 7g, Sel 2g<\/td>\n<\/tr>\n<\/tbody>\n<\/table>\n","protected":false},"excerpt":{"rendered":"<p style=\"text-align: center;\">Id\u00e9al pour les toasts en ap\u00e9ritif, Contient 70% de foie de canard<br \/>\nMettre au frais avant d\u00e9gustation<\/p>\n","protected":false},"featured_media":164,"template":"","meta":[],"product_brand":[],"product_cat":[17,35],"product_tag":[],"class_list":{"0":"post-163","1":"product","2":"type-product","3":"status-publish","4":"has-post-thumbnail","6":"product_cat-foie-gras","7":"product_cat-foie-gras-longue-conservation","9":"first","10":"instock","11":"taxable","12":"shipping-taxable","13":"purchasable","14":"product-type-simple"},"jetpack_sharing_enabled":true,"_links":{"self":[{"href":"https:\/\/leconfitdascain.fr\/index.php?rest_route=\/wp\/v2\/product\/163","targetHints":{"allow":["GET"]}}],"collection":[{"href":"https:\/\/leconfitdascain.fr\/index.php?rest_route=\/wp\/v2\/product"}],"about":[{"href":"https:\/\/leconfitdascain.fr\/index.php?rest_route=\/wp\/v2\/types\/product"}],"wp:featuredmedia":[{"embeddable":true,"href":"https:\/\/leconfitdascain.fr\/index.php?rest_route=\/wp\/v2\/media\/164"}],"wp:attachment":[{"href":"https:\/\/leconfitdascain.fr\/index.php?rest_route=%2Fwp%2Fv2%2Fmedia&parent=163"}],"wp:term":[{"taxonomy":"product_brand","embeddable":true,"href":"https:\/\/leconfitdascain.fr\/index.php?rest_route=%2Fwp%2Fv2%2Fproduct_brand&post=163"},{"taxonomy":"product_cat","embeddable":true,"href":"https:\/\/leconfitdascain.fr\/index.php?rest_route=%2Fwp%2Fv2%2Fproduct_cat&post=163"},{"taxonomy":"product_tag","embeddable":true,"href":"https:\/\/leconfitdascain.fr\/index.php?rest_route=%2Fwp%2Fv2%2Fproduct_tag&post=163"}],"curies":[{"name":"wp","href":"https:\/\/api.w.org\/{rel}","templated":true}]}}