{"id":141,"date":"2024-08-15T17:17:41","date_gmt":"2024-08-15T15:17:41","guid":{"rendered":"http:\/\/leconfitdascain.fr\/?post_type=product&#038;p=141"},"modified":"2026-01-01T19:38:37","modified_gmt":"2026-01-01T18:38:37","slug":"foie-gras-entier-450-gr-bocal-longue-conservation","status":"publish","type":"product","link":"https:\/\/leconfitdascain.fr\/?product=foie-gras-entier-450-gr-bocal-longue-conservation","title":{"rendered":"Foie gras de canard entier 450 gr, bocal longue conservation ; M\u00e9daille de Bronze au Concours G\u00e9n\u00e9ral Agricole 2023, 2024 et 2025"},"content":{"rendered":"<p><strong>I<\/strong>ngr\u00e9dients : Foie gras de canard entier, sel, poivre.<\/p>\n<p>bocal de 450g, 123.33\u20ac le kg<\/p>\n<p>M\u00e9daille de Bronze au Concours G\u00e9n\u00e9ral Agricole 2023, 2024 et 2025<\/p>\n<table border=\"0\" cellspacing=\"0\">\n<colgroup width=\"323\"><\/colgroup>\n<tbody>\n<tr>\n<td align=\"center\" valign=\"middle\" height=\"71\">Energie 526kcal\/ 2170kJ,<br \/>\nMati\u00e8res grasses 54,6g, Dont acides gras satur\u00e9s 23g, Glucides 2g, Dont sucres 0.03g, Prot\u00e9ines 8.41g, Sel 1.11g<\/td>\n<\/tr>\n<\/tbody>\n<\/table>\n","protected":false},"excerpt":{"rendered":"<p><strong>M\u00e9daille de bronze au Concours G\u00e9n\u00e9ral Agricole 2023, 2024 et 2025<\/strong><\/p>\n","protected":false},"featured_media":1096,"template":"","meta":[],"product_brand":[],"product_cat":[17,35],"product_tag":[],"class_list":{"0":"post-141","1":"product","2":"type-product","3":"status-publish","4":"has-post-thumbnail","6":"product_cat-foie-gras","7":"product_cat-foie-gras-longue-conservation","9":"first","10":"instock","11":"taxable","12":"shipping-taxable","13":"purchasable","14":"product-type-simple"},"jetpack_sharing_enabled":true,"_links":{"self":[{"href":"https:\/\/leconfitdascain.fr\/index.php?rest_route=\/wp\/v2\/product\/141","targetHints":{"allow":["GET"]}}],"collection":[{"href":"https:\/\/leconfitdascain.fr\/index.php?rest_route=\/wp\/v2\/product"}],"about":[{"href":"https:\/\/leconfitdascain.fr\/index.php?rest_route=\/wp\/v2\/types\/product"}],"wp:featuredmedia":[{"embeddable":true,"href":"https:\/\/leconfitdascain.fr\/index.php?rest_route=\/wp\/v2\/media\/1096"}],"wp:attachment":[{"href":"https:\/\/leconfitdascain.fr\/index.php?rest_route=%2Fwp%2Fv2%2Fmedia&parent=141"}],"wp:term":[{"taxonomy":"product_brand","embeddable":true,"href":"https:\/\/leconfitdascain.fr\/index.php?rest_route=%2Fwp%2Fv2%2Fproduct_brand&post=141"},{"taxonomy":"product_cat","embeddable":true,"href":"https:\/\/leconfitdascain.fr\/index.php?rest_route=%2Fwp%2Fv2%2Fproduct_cat&post=141"},{"taxonomy":"product_tag","embeddable":true,"href":"https:\/\/leconfitdascain.fr\/index.php?rest_route=%2Fwp%2Fv2%2Fproduct_tag&post=141"}],"curies":[{"name":"wp","href":"https:\/\/api.w.org\/{rel}","templated":true}]}}