{"id":137,"date":"2024-08-15T17:11:44","date_gmt":"2024-08-15T15:11:44","guid":{"rendered":"http:\/\/leconfitdascain.fr\/?post_type=product&#038;p=137"},"modified":"2026-03-31T17:38:49","modified_gmt":"2026-03-31T15:38:49","slug":"foie-gras-entier-180-gr-bocal-longue-conservation","status":"publish","type":"product","link":"https:\/\/leconfitdascain.fr\/?product=foie-gras-entier-180-gr-bocal-longue-conservation","title":{"rendered":"Foie gras de canard entier 180 gr, bocal longue conservation ; M\u00e9daille de Bronze au Concours G\u00e9n\u00e9ral Agricole 2023, 2024 et 2025"},"content":{"rendered":"<p>Ingr\u00e9dients : foie gras de canard entier, sel, poivre.<\/p>\n<p>Bocal de 180g, 142.22\u20ac le kg.<\/p>\n<p>M\u00e9daille de Bronze au Concours G\u00e9n\u00e9ral Agricole 2023, 2024 et 2025<\/p>\n<table border=\"0\" cellspacing=\"0\">\n<colgroup width=\"323\"><\/colgroup>\n<tbody>\n<tr>\n<td align=\"center\" valign=\"middle\" height=\"71\">Energie 526kcal\/ 2170kJ,<br \/>\nMati\u00e8res grasses 54,6g, Dont acides gras satur\u00e9s 23g, Glucides 2g, Dont sucres 0.03g, Prot\u00e9ines 8.41g, Sel 1.11g<\/td>\n<\/tr>\n<\/tbody>\n<\/table>\n","protected":false},"excerpt":{"rendered":"<p>M\u00e9daille de Bronze au Concours G\u00e9n\u00e9ral Agricole 2023, 2024 et 2025<\/p>\n","protected":false},"featured_media":1108,"template":"","meta":[],"product_brand":[],"product_cat":[17,35,33],"product_tag":[],"class_list":{"0":"post-137","1":"product","2":"type-product","3":"status-publish","4":"has-post-thumbnail","6":"product_cat-foie-gras","7":"product_cat-foie-gras-longue-conservation","8":"product_cat-medailles","10":"first","11":"instock","12":"taxable","13":"shipping-taxable","14":"purchasable","15":"product-type-simple"},"jetpack_sharing_enabled":true,"_links":{"self":[{"href":"https:\/\/leconfitdascain.fr\/index.php?rest_route=\/wp\/v2\/product\/137","targetHints":{"allow":["GET"]}}],"collection":[{"href":"https:\/\/leconfitdascain.fr\/index.php?rest_route=\/wp\/v2\/product"}],"about":[{"href":"https:\/\/leconfitdascain.fr\/index.php?rest_route=\/wp\/v2\/types\/product"}],"wp:featuredmedia":[{"embeddable":true,"href":"https:\/\/leconfitdascain.fr\/index.php?rest_route=\/wp\/v2\/media\/1108"}],"wp:attachment":[{"href":"https:\/\/leconfitdascain.fr\/index.php?rest_route=%2Fwp%2Fv2%2Fmedia&parent=137"}],"wp:term":[{"taxonomy":"product_brand","embeddable":true,"href":"https:\/\/leconfitdascain.fr\/index.php?rest_route=%2Fwp%2Fv2%2Fproduct_brand&post=137"},{"taxonomy":"product_cat","embeddable":true,"href":"https:\/\/leconfitdascain.fr\/index.php?rest_route=%2Fwp%2Fv2%2Fproduct_cat&post=137"},{"taxonomy":"product_tag","embeddable":true,"href":"https:\/\/leconfitdascain.fr\/index.php?rest_route=%2Fwp%2Fv2%2Fproduct_tag&post=137"}],"curies":[{"name":"wp","href":"https:\/\/api.w.org\/{rel}","templated":true}]}}