{"id":1324,"date":"2025-11-20T15:07:27","date_gmt":"2025-11-20T14:07:27","guid":{"rendered":"https:\/\/leconfitdascain.fr\/?post_type=product&#038;p=1324"},"modified":"2025-12-20T12:28:37","modified_gmt":"2025-12-20T11:28:37","slug":"pimientos-del-piquillos-extra","status":"publish","type":"product","link":"https:\/\/leconfitdascain.fr\/?product=pimientos-del-piquillos-extra","title":{"rendered":"Pimientos del piquillos extra"},"content":{"rendered":"<p>bocal de 190g soit 34.21\u20ac le kg<\/p>\n<p>Produit de Navarre<\/p>\n<p>Peut se d\u00e9guster farci \u00e0 la morue ou au pied de cochon.<\/p>\n<p>Accompagne fid\u00e8lement les txulet (c\u00f4tes de boeuf) coup\u00e9s en lani\u00e8res et saut\u00e9s dans la po\u00eale de cuisson.<\/p>\n<p>donnera un go\u00fbt magnifique \u00e0 vos sauces pour accompagner les poissons<\/p>\n<p>&nbsp;<\/p>\n<p>&nbsp;<\/p>\n","protected":false},"excerpt":{"rendered":"<p>Produit de Navarre<\/p>\n<p>Peut se d\u00e9guster farci \u00e0 la morue ou au pied de cochon.<\/p>\n<p>Accompagne fid\u00e8lement les txulet (c\u00f4tes de boeuf) coup\u00e9s en lani\u00e8res et saut\u00e9s dans la po\u00eale de cuisson.<\/p>\n<p>donnera un go\u00fbt magnifique \u00e0 vos sauces pour accompagner les poissons<\/p>\n<p>&nbsp;<\/p>\n","protected":false},"featured_media":1325,"template":"","meta":[],"product_brand":[],"product_cat":[24,26],"product_tag":[],"class_list":{"0":"post-1324","1":"product","2":"type-product","3":"status-publish","4":"has-post-thumbnail","6":"product_cat-entree","7":"product_cat-epicerie-fine","9":"first","10":"instock","11":"taxable","12":"shipping-taxable","13":"purchasable","14":"product-type-simple"},"jetpack_sharing_enabled":true,"_links":{"self":[{"href":"https:\/\/leconfitdascain.fr\/index.php?rest_route=\/wp\/v2\/product\/1324","targetHints":{"allow":["GET"]}}],"collection":[{"href":"https:\/\/leconfitdascain.fr\/index.php?rest_route=\/wp\/v2\/product"}],"about":[{"href":"https:\/\/leconfitdascain.fr\/index.php?rest_route=\/wp\/v2\/types\/product"}],"wp:featuredmedia":[{"embeddable":true,"href":"https:\/\/leconfitdascain.fr\/index.php?rest_route=\/wp\/v2\/media\/1325"}],"wp:attachment":[{"href":"https:\/\/leconfitdascain.fr\/index.php?rest_route=%2Fwp%2Fv2%2Fmedia&parent=1324"}],"wp:term":[{"taxonomy":"product_brand","embeddable":true,"href":"https:\/\/leconfitdascain.fr\/index.php?rest_route=%2Fwp%2Fv2%2Fproduct_brand&post=1324"},{"taxonomy":"product_cat","embeddable":true,"href":"https:\/\/leconfitdascain.fr\/index.php?rest_route=%2Fwp%2Fv2%2Fproduct_cat&post=1324"},{"taxonomy":"product_tag","embeddable":true,"href":"https:\/\/leconfitdascain.fr\/index.php?rest_route=%2Fwp%2Fv2%2Fproduct_tag&post=1324"}],"curies":[{"name":"wp","href":"https:\/\/api.w.org\/{rel}","templated":true}]}}