{"id":96,"date":"2024-08-05T07:39:25","date_gmt":"2024-08-05T05:39:25","guid":{"rendered":"http:\/\/leconfitdascain.fr\/?page_id=96"},"modified":"2025-12-18T15:57:23","modified_gmt":"2025-12-18T14:57:23","slug":"notre-maison","status":"publish","type":"page","link":"https:\/\/leconfitdascain.fr\/?page_id=96","title":{"rendered":"Notre maison"},"content":{"rendered":"<p>Le Confit d\u2019Ascain, maison fond\u00e9e en 1986, vous fait d\u00e9couvrir et d\u00e9guster ses produits du terroir. Dans cette conserverie artisanale vous seront propos\u00e9es toutes les sp\u00e9cialit\u00e9s culinaires r\u00e9gionales, que ce soit dans votre boutique \u00e0 Ascain ou sur notre site internet.<\/p>\n<p>Nos produits sont pr\u00e9par\u00e9s de fa\u00e7on artisanale, \u00e0 partir de viandes labellis\u00e9es du Sud-Ouest, sans conservateur ni colorant, pour que vous retrouviez toutes les saveurs d\u2019antan du \u00ab\u00a0fait maison\u00a0\u00bb !<\/p>\n<p>La famille Laban et Carole vous donnent rendez-vous pour vous orienter dans vos choix de plats gastronomiques r\u00e9gionaux : Foie gras, confits de canard et de porc, p\u00e2t\u00e9s et terrines, axoa, garbures, cassoulets\u2026<\/p>\n<p><strong>Horaires d&rsquo;ouverture :<\/strong><\/p>\n<p><strong><\/strong><\/p>\n<p><strong>\u00e0 partir de janvier 2026 :<\/strong><\/p>\n<p>du Mardi au Samedi de 9h \u00e0 18h<\/p>\n<p><strong>\u00a024 et 31 d\u00e9cembre 2025 :<\/strong><\/p>\n<p>9h -16h<\/p>\n<p><b>Notre adresse :<\/b><\/p>\n<p>677 route de Saint-Jean-de-Luz<\/p>\n<p>64130 Ascain<\/p>\n<p><strong>Nous contacter :\u00a0<\/strong><\/p>\n<p><strong>Tel :<\/strong> +33 (0)5 59 54 08 67 \/ +33 (0)7 59 53 85 15<\/p>\n<p><strong>Mail:<\/strong> leconfitdascain@gmail.com<\/p>\n<p><strong>Facebook :<\/strong> Le confit D&rsquo;Ascain<\/p>\n<p><strong>Instagram :<\/strong> leconfitdascain<\/p>\n<style>\/*! elementor - v3.23.0 - 25-07-2024 *\/<br \/>\n.elementor-widget-google_maps .elementor-widget-container{overflow:hidden}.elementor-widget-google_maps .elementor-custom-embed{line-height:0}.elementor-widget-google_maps iframe{height:300px}<\/style>\n<p><iframe title=\"Le confit d'ascain\" src=\"https:\/\/maps.google.com\/maps?q=Le%20confit%20d%27ascain&amp;t=m&amp;z=12&amp;output=embed&amp;iwloc=near\" aria-label=\"Le confit d'ascain\"><\/iframe><\/p>\n","protected":false},"excerpt":{"rendered":"<p>Le Confit d\u2019Ascain, maison fond\u00e9e en 1986, vous fait d\u00e9couvrir et d\u00e9guster ses produits du terroir. Dans cette conserverie artisanale vous seront propos\u00e9es toutes les sp\u00e9cialit\u00e9s culinaires r\u00e9gionales, que ce soit dans votre boutique \u00e0 Ascain ou sur notre site internet. Nos produits sont pr\u00e9par\u00e9s de fa\u00e7on artisanale, \u00e0 partir de viandes labellis\u00e9es du Sud-Ouest, [&hellip;]<\/p>\n","protected":false},"author":2,"featured_media":0,"parent":0,"menu_order":0,"comment_status":"closed","ping_status":"closed","template":"","meta":{"footnotes":""},"class_list":["post-96","page","type-page","status-publish","hentry"],"jetpack_sharing_enabled":true,"_links":{"self":[{"href":"https:\/\/leconfitdascain.fr\/index.php?rest_route=\/wp\/v2\/pages\/96","targetHints":{"allow":["GET"]}}],"collection":[{"href":"https:\/\/leconfitdascain.fr\/index.php?rest_route=\/wp\/v2\/pages"}],"about":[{"href":"https:\/\/leconfitdascain.fr\/index.php?rest_route=\/wp\/v2\/types\/page"}],"author":[{"embeddable":true,"href":"https:\/\/leconfitdascain.fr\/index.php?rest_route=\/wp\/v2\/users\/2"}],"replies":[{"embeddable":true,"href":"https:\/\/leconfitdascain.fr\/index.php?rest_route=%2Fwp%2Fv2%2Fcomments&post=96"}],"version-history":[{"count":7,"href":"https:\/\/leconfitdascain.fr\/index.php?rest_route=\/wp\/v2\/pages\/96\/revisions"}],"predecessor-version":[{"id":1445,"href":"https:\/\/leconfitdascain.fr\/index.php?rest_route=\/wp\/v2\/pages\/96\/revisions\/1445"}],"wp:attachment":[{"href":"https:\/\/leconfitdascain.fr\/index.php?rest_route=%2Fwp%2Fv2%2Fmedia&parent=96"}],"curies":[{"name":"wp","href":"https:\/\/api.w.org\/{rel}","templated":true}]}}