{"id":69,"date":"2024-07-29T09:48:23","date_gmt":"2024-07-29T07:48:23","guid":{"rendered":"http:\/\/leconfitdascain.fr\/?page_id=69"},"modified":"2024-07-29T09:48:23","modified_gmt":"2024-07-29T07:48:23","slug":"contactez-nous","status":"publish","type":"page","link":"https:\/\/leconfitdascain.fr\/?page_id=69","title":{"rendered":"Contactez-nous !"},"content":{"rendered":"\n<p><table border=\"0\" width=\"100%\" cellspacing=\"0\" cellpadding=\"0\" style=\"color: rgb(102, 102, 102); font-family: Quicksand, sans-serif; font-size: 12px; white-space-collapse: collapse; background-color: rgba(255, 255, 255, 0.4);\"><tbody style=\"box-sizing: border-box;\"><tr style=\"box-sizing: border-box;\"><td height=\"40\" style=\"box-sizing: border-box;\"><font class=\"PBSTitle\" style=\"color: rgb(0, 0, 0); font-size: 1.2em; font-weight: 600; box-sizing: border-box;\">\u00e0 partir du 8 juillet 2024 et jusqu&rsquo;au 31 d\u00e9cembre 2024, ouvert de 9h \u00e0 18h30 du lundi au samedi sans interruption<\/font><\/td><\/tr><tr style=\"box-sizing: border-box;\"><td style=\"box-sizing: border-box;\"><table border=\"0\" width=\"100%\" height=\"100\" cellspacing=\"0\" cellpadding=\"0\"><tbody style=\"box-sizing: border-box;\"><tr style=\"box-sizing: border-box;\"><td width=\"48%\" valign=\"top\" style=\"box-sizing: border-box;\"><table bgcolor=\"#ffffff\" border=\"0\" width=\"100%\" cellspacing=\"0\" cellpadding=\"10\" style=\"border: 3px solid rgb(238, 238, 238);\"><tbody style=\"box-sizing: border-box;\"><tr style=\"box-sizing: border-box;\"><td style=\"box-sizing: border-box; border-bottom: 1px solid rgb(238, 238, 238);\"><table border=\"0\" cellspacing=\"0\" cellpadding=\"0\"><tbody style=\"box-sizing: border-box;\"><tr style=\"box-sizing: border-box;\"><td style=\"box-sizing: border-box;\"><table border=\"0\" width=\"100%\" cellspacing=\"0\" cellpadding=\"0\"><tbody style=\"box-sizing: border-box;\"><tr style=\"box-sizing: border-box;\"><td class=\"designBackColorMain\" background=\"https:\/\/www.leconfitdascain.fr\/Files\/0\/icon-map-transparent-26x32.png\" width=\"26\" height=\"32\" bgcolor=\"#00FFFF\" style=\"background-color: rgb(166, 7, 51); box-sizing: border-box; background-repeat: no-repeat; background-position: left top;\"><\/td><td align=\"left\" valign=\"middle\" style=\"box-sizing: border-box;\"><font class=\"PBMainTxt designColorMain\" style=\"color: rgb(0, 60, 44); font-weight: 600; font-size: 1.2em; box-sizing: border-box; padding-left: 10px;\">ADRESSE<\/font><\/td><\/tr><\/tbody><\/table><\/td><\/tr><tr style=\"box-sizing: border-box;\"><td colspan=\"3\" style=\"box-sizing: border-box;\"><font class=\"PBShortTxt\" style=\"color: rgb(0, 0, 0); font-size: 1.1em; box-sizing: border-box;\">677 Route de St-Jean-de-Luz64130 ASCAIN<\/font><\/td><\/tr><\/tbody><\/table><\/td><\/tr><tr style=\"box-sizing: border-box;\"><td style=\"box-sizing: border-box; border-bottom: 1px solid rgb(238, 238, 238);\"><table border=\"0\" cellspacing=\"0\" cellpadding=\"0\"><tbody style=\"box-sizing: border-box;\"><tr style=\"box-sizing: border-box;\"><td style=\"box-sizing: border-box;\"><table border=\"0\" width=\"100%\" cellspacing=\"0\" cellpadding=\"0\"><tbody style=\"box-sizing: border-box;\"><tr style=\"box-sizing: border-box;\"><td class=\"designBackColorMain\" background=\"https:\/\/www.leconfitdascain.fr\/Files\/0\/icon-phone-transparent-26x32.png\" width=\"26\" height=\"32\" bgcolor=\"#00FFFF\" style=\"background-color: rgb(166, 7, 51); box-sizing: border-box; background-repeat: no-repeat; background-position: left top;\"><\/td><td align=\"left\" valign=\"middle\" style=\"box-sizing: border-box;\"><font class=\"PBMainTxt designColorMain\" style=\"color: rgb(0, 60, 44); font-weight: 600; font-size: 1.2em; box-sizing: border-box; padding-left: 10px;\">TELEPHONE<\/font><\/td><\/tr><\/tbody><\/table><\/td><\/tr><tr style=\"box-sizing: border-box;\"><td colspan=\"3\" style=\"box-sizing: border-box;\"><font class=\"PBShortTxt\" style=\"color: rgb(0, 0, 0); font-size: 1.1em; box-sizing: border-box;\">+33 (0)5 59 54 08 67<\/font><\/td><\/tr><\/tbody><\/table><\/td><\/tr><tr style=\"box-sizing: border-box;\"><td style=\"box-sizing: border-box;\"><table border=\"0\" cellspacing=\"0\" cellpadding=\"0\"><tbody style=\"box-sizing: border-box;\"><tr style=\"box-sizing: border-box;\"><td style=\"box-sizing: border-box;\"><table border=\"0\" width=\"100%\" cellspacing=\"0\" cellpadding=\"0\"><tbody style=\"box-sizing: border-box;\"><tr style=\"box-sizing: border-box;\"><td class=\"designBackColorMain\" background=\"https:\/\/www.leconfitdascain.fr\/Files\/0\/icon-email-transparent-26x32.png\" width=\"26\" height=\"32\" bgcolor=\"#00FFFF\" style=\"background-color: rgb(166, 7, 51); box-sizing: border-box; background-repeat: no-repeat; background-position: left top;\"><\/td><td align=\"left\" valign=\"middle\" style=\"box-sizing: border-box;\"><font class=\"PBMainTxt designColorMain\" style=\"color: rgb(0, 60, 44); font-weight: 600; font-size: 1.2em; box-sizing: border-box; padding-left: 10px;\">E-MAIL<\/font><\/td><\/tr><\/tbody><\/table><\/td><\/tr><tr style=\"box-sizing: border-box;\"><td colspan=\"3\" style=\"box-sizing: border-box;\"><font class=\"PBShortTxt\" style=\"color: rgb(0, 0, 0); font-size: 1.1em; box-sizing: border-box;\">contact@leconfitdascain.fr<\/font>\u00a0<font class=\"PBMainTxt\" style=\"color: rgb(0, 60, 44); font-weight: 600; font-size: 1.2em; box-sizing: border-box;\">facebook : le confit d&rsquo;Ascaininstagram : leconfitdascain<\/font><\/td><\/tr><\/tbody><\/table><\/td><\/tr><\/tbody><\/table><\/td><\/tr><\/tbody><\/table><\/td><\/tr><\/tbody><\/table><\/p>\n\n\n\n<p><\/p>\n","protected":false},"excerpt":{"rendered":"<p>\u00e0 partir du 8 juillet 2024 et jusqu&rsquo;au 31 d\u00e9cembre 2024, ouvert de 9h \u00e0 18h30 du lundi au samedi sans interruption ADRESSE 677 Route de St-Jean-de-Luz64130 ASCAIN TELEPHONE +33 (0)5 59 54 08 67 E-MAIL contact@leconfitdascain.fr\u00a0facebook : le confit d&rsquo;Ascaininstagram : leconfitdascain<\/p>\n","protected":false},"author":1,"featured_media":0,"parent":0,"menu_order":0,"comment_status":"closed","ping_status":"closed","template":"","meta":{"footnotes":""},"class_list":["post-69","page","type-page","status-publish","hentry"],"jetpack_sharing_enabled":true,"_links":{"self":[{"href":"https:\/\/leconfitdascain.fr\/index.php?rest_route=\/wp\/v2\/pages\/69","targetHints":{"allow":["GET"]}}],"collection":[{"href":"https:\/\/leconfitdascain.fr\/index.php?rest_route=\/wp\/v2\/pages"}],"about":[{"href":"https:\/\/leconfitdascain.fr\/index.php?rest_route=\/wp\/v2\/types\/page"}],"author":[{"embeddable":true,"href":"https:\/\/leconfitdascain.fr\/index.php?rest_route=\/wp\/v2\/users\/1"}],"replies":[{"embeddable":true,"href":"https:\/\/leconfitdascain.fr\/index.php?rest_route=%2Fwp%2Fv2%2Fcomments&post=69"}],"version-history":[{"count":1,"href":"https:\/\/leconfitdascain.fr\/index.php?rest_route=\/wp\/v2\/pages\/69\/revisions"}],"predecessor-version":[{"id":70,"href":"https:\/\/leconfitdascain.fr\/index.php?rest_route=\/wp\/v2\/pages\/69\/revisions\/70"}],"wp:attachment":[{"href":"https:\/\/leconfitdascain.fr\/index.php?rest_route=%2Fwp%2Fv2%2Fmedia&parent=69"}],"curies":[{"name":"wp","href":"https:\/\/api.w.org\/{rel}","templated":true}]}}