{"id":596,"date":"2024-09-19T12:05:01","date_gmt":"2024-09-19T10:05:01","guid":{"rendered":"http:\/\/leconfitdascain.fr\/?page_id=596"},"modified":"2024-09-19T12:05:01","modified_gmt":"2024-09-19T10:05:01","slug":"foie-gras-longue-conservation","status":"publish","type":"page","link":"https:\/\/leconfitdascain.fr\/?page_id=596","title":{"rendered":"Foie gras longue conservation"},"content":{"rendered":"<div class=\"woocommerce columns-3 \"><div class=\"woocommerce-notices-wrapper\"><\/div><p class=\"woocommerce-result-count\" role=\"alert\" aria-relevant=\"all\" >\n\t9\u00a0r\u00e9sultats affich\u00e9s<\/p>\n<form class=\"woocommerce-ordering\" method=\"get\">\n\t\t<select\n\t\tname=\"orderby\"\n\t\tclass=\"orderby\"\n\t\t\t\t\taria-label=\"Commande\"\n\t\t\t>\n\t\t\t\t\t<option value=\"menu_order\"  selected='selected'>Tri par d\u00e9faut<\/option>\n\t\t\t\t\t<option value=\"popularity\" >Tri par popularit\u00e9<\/option>\n\t\t\t\t\t<option value=\"date\" >Tri du plus r\u00e9cent au plus ancien<\/option>\n\t\t\t\t\t<option value=\"price\" >Tri par tarif croissant<\/option>\n\t\t\t\t\t<option value=\"price-desc\" >Tri par tarif d\u00e9croissant<\/option>\n\t\t\t<\/select>\n\t<input type=\"hidden\" name=\"paged\" value=\"1\" \/>\n\t<input type=\"hidden\" name=\"rest_route\" value=\"\/wp\/v2\/pages\/596\" \/><\/form>\n<ul class=\"products columns-3\">\n<li class=\"product type-product post-163 status-publish first instock product_cat-foie-gras product_cat-foie-gras-longue-conservation has-post-thumbnail taxable shipping-taxable purchasable product-type-simple\">\n\t<a href=\"https:\/\/leconfitdascain.fr\/?product=bloc-de-foie-gras-de-canard-65gr\" class=\"woocommerce-LoopProduct-link woocommerce-loop-product__link\"><img loading=\"lazy\" decoding=\"async\" width=\"300\" height=\"300\" src=\"https:\/\/leconfitdascain.fr\/wp-content\/uploads\/2024\/08\/20220118-142953-zoom-300x300.jpg\" class=\"attachment-woocommerce_thumbnail size-woocommerce_thumbnail\" alt=\"Bloc de foie gras de canard 60gr\" srcset=\"https:\/\/leconfitdascain.fr\/wp-content\/uploads\/2024\/08\/20220118-142953-zoom-300x300.jpg 300w, https:\/\/leconfitdascain.fr\/wp-content\/uploads\/2024\/08\/20220118-142953-zoom-100x100.jpg 100w, https:\/\/leconfitdascain.fr\/wp-content\/uploads\/2024\/08\/20220118-142953-zoom-600x600.jpg 600w, https:\/\/leconfitdascain.fr\/wp-content\/uploads\/2024\/08\/20220118-142953-zoom-1024x1024.jpg 1024w, https:\/\/leconfitdascain.fr\/wp-content\/uploads\/2024\/08\/20220118-142953-zoom-150x150.jpg 150w, https:\/\/leconfitdascain.fr\/wp-content\/uploads\/2024\/08\/20220118-142953-zoom-768x768.jpg 768w, https:\/\/leconfitdascain.fr\/wp-content\/uploads\/2024\/08\/20220118-142953-zoom.jpg 1200w\" sizes=\"auto, (max-width: 300px) 100vw, 300px\" \/><h2 class=\"woocommerce-loop-product__title\">Bloc de foie gras de canard 60gr<\/h2>\n\t<span class=\"price\"><span class=\"woocommerce-Price-amount amount\"><bdi>7,10&nbsp;<span class=\"woocommerce-Price-currencySymbol\">&euro;<\/span><\/bdi><\/span><\/span>\n<\/a><a href=\"\/index.php?rest_route=%2Fwp%2Fv2%2Fpages%2F596&#038;add-to-cart=163\" aria-describedby=\"woocommerce_loop_add_to_cart_link_describedby_163\" data-quantity=\"1\" class=\"button wp-element-button product_type_simple add_to_cart_button ajax_add_to_cart\" data-product_id=\"163\" data-product_sku=\"\" aria-label=\"Ajouter au panier\u00a0: &ldquo;Bloc de foie gras de canard 60gr&rdquo;\" rel=\"nofollow\" data-success_message=\"\u00ab\u00a0Bloc de foie gras de canard 60gr\u00a0\u00bb a \u00e9t\u00e9 ajout\u00e9 \u00e0 votre panier\" role=\"button\">Ajouter au panier<\/a>\t<span id=\"woocommerce_loop_add_to_cart_link_describedby_163\" class=\"screen-reader-text\">\n\t\t\t<\/span>\n<\/li>\n<li class=\"product type-product post-137 status-publish instock product_cat-foie-gras product_cat-foie-gras-longue-conservation product_cat-medailles has-post-thumbnail taxable shipping-taxable purchasable product-type-simple\">\n\t<a href=\"https:\/\/leconfitdascain.fr\/?product=foie-gras-entier-180-gr-bocal-longue-conservation\" class=\"woocommerce-LoopProduct-link woocommerce-loop-product__link\"><img loading=\"lazy\" decoding=\"async\" width=\"300\" height=\"300\" src=\"https:\/\/leconfitdascain.fr\/wp-content\/uploads\/2024\/11\/518183715_1934624440623577_359025855750843344_n-300x300.jpg\" class=\"attachment-woocommerce_thumbnail size-woocommerce_thumbnail\" alt=\"Foie gras de canard entier 180 gr, bocal longue conservation ; M\u00e9daille de Bronze au Concours G\u00e9n\u00e9ral Agricole 2023, 2024 et 2025\" srcset=\"https:\/\/leconfitdascain.fr\/wp-content\/uploads\/2024\/11\/518183715_1934624440623577_359025855750843344_n-300x300.jpg 300w, https:\/\/leconfitdascain.fr\/wp-content\/uploads\/2024\/11\/518183715_1934624440623577_359025855750843344_n-150x150.jpg 150w, https:\/\/leconfitdascain.fr\/wp-content\/uploads\/2024\/11\/518183715_1934624440623577_359025855750843344_n-100x100.jpg 100w\" sizes=\"auto, (max-width: 300px) 100vw, 300px\" \/><h2 class=\"woocommerce-loop-product__title\">Foie gras de canard entier 180 gr, bocal longue conservation ; M\u00e9daille de Bronze au Concours G\u00e9n\u00e9ral Agricole 2023, 2024 et 2025<\/h2>\n\t<span class=\"price\"><span class=\"woocommerce-Price-amount amount\"><bdi>25,60&nbsp;<span class=\"woocommerce-Price-currencySymbol\">&euro;<\/span><\/bdi><\/span><\/span>\n<\/a><a href=\"\/index.php?rest_route=%2Fwp%2Fv2%2Fpages%2F596&#038;add-to-cart=137\" aria-describedby=\"woocommerce_loop_add_to_cart_link_describedby_137\" data-quantity=\"1\" class=\"button wp-element-button product_type_simple add_to_cart_button ajax_add_to_cart\" data-product_id=\"137\" data-product_sku=\"\" aria-label=\"Ajouter au panier\u00a0: &ldquo;Foie gras de canard entier 180 gr, bocal longue conservation ; M\u00e9daille de Bronze au Concours G\u00e9n\u00e9ral Agricole 2023, 2024 et 2025&rdquo;\" rel=\"nofollow\" data-success_message=\"\u00ab\u00a0Foie gras de canard entier 180 gr, bocal longue conservation ; M\u00e9daille de Bronze au Concours G\u00e9n\u00e9ral Agricole 2023, 2024 et 2025\u00a0\u00bb a \u00e9t\u00e9 ajout\u00e9 \u00e0 votre panier\" role=\"button\">Ajouter au panier<\/a>\t<span id=\"woocommerce_loop_add_to_cart_link_describedby_137\" class=\"screen-reader-text\">\n\t\t\t<\/span>\n<\/li>\n<li class=\"product type-product post-151 status-publish last instock product_cat-foie-gras product_cat-foie-gras-longue-conservation product_cat-medailles has-post-thumbnail taxable shipping-taxable purchasable product-type-simple\">\n\t<a href=\"https:\/\/leconfitdascain.fr\/?product=foie-gras-entier-190gr-boite-longue-conservation\" class=\"woocommerce-LoopProduct-link woocommerce-loop-product__link\"><img loading=\"lazy\" decoding=\"async\" width=\"300\" height=\"300\" src=\"https:\/\/leconfitdascain.fr\/wp-content\/uploads\/2024\/11\/518104075_2140643299743826_7843474852412357741_n-300x300.jpg\" class=\"attachment-woocommerce_thumbnail size-woocommerce_thumbnail\" alt=\"Foie gras de canard entier 190gr boite longue conservation ; M\u00e9daille de Bronze au Concours G\u00e9n\u00e9ral Agricole 2023, 2024 et 2025\" srcset=\"https:\/\/leconfitdascain.fr\/wp-content\/uploads\/2024\/11\/518104075_2140643299743826_7843474852412357741_n-300x300.jpg 300w, https:\/\/leconfitdascain.fr\/wp-content\/uploads\/2024\/11\/518104075_2140643299743826_7843474852412357741_n-150x150.jpg 150w, https:\/\/leconfitdascain.fr\/wp-content\/uploads\/2024\/11\/518104075_2140643299743826_7843474852412357741_n-100x100.jpg 100w\" sizes=\"auto, (max-width: 300px) 100vw, 300px\" \/><h2 class=\"woocommerce-loop-product__title\">Foie gras de canard entier 190gr boite longue conservation ; M\u00e9daille de Bronze au Concours G\u00e9n\u00e9ral Agricole 2023, 2024 et 2025<\/h2>\n\t<span class=\"price\"><span class=\"woocommerce-Price-amount amount\"><bdi>25,60&nbsp;<span class=\"woocommerce-Price-currencySymbol\">&euro;<\/span><\/bdi><\/span><\/span>\n<\/a><a href=\"\/index.php?rest_route=%2Fwp%2Fv2%2Fpages%2F596&#038;add-to-cart=151\" aria-describedby=\"woocommerce_loop_add_to_cart_link_describedby_151\" data-quantity=\"1\" class=\"button wp-element-button product_type_simple add_to_cart_button ajax_add_to_cart\" data-product_id=\"151\" data-product_sku=\"\" aria-label=\"Ajouter au panier\u00a0: &ldquo;Foie gras de canard entier 190gr boite longue conservation ; M\u00e9daille de Bronze au Concours G\u00e9n\u00e9ral Agricole 2023, 2024 et 2025&rdquo;\" rel=\"nofollow\" data-success_message=\"\u00ab\u00a0Foie gras de canard entier 190gr boite longue conservation ; M\u00e9daille de Bronze au Concours G\u00e9n\u00e9ral Agricole 2023, 2024 et 2025\u00a0\u00bb a \u00e9t\u00e9 ajout\u00e9 \u00e0 votre panier\" role=\"button\">Ajouter au panier<\/a>\t<span id=\"woocommerce_loop_add_to_cart_link_describedby_151\" class=\"screen-reader-text\">\n\t\t\t<\/span>\n<\/li>\n<li class=\"product type-product post-139 status-publish first instock product_cat-foie-gras product_cat-foie-gras-longue-conservation product_cat-medailles has-post-thumbnail taxable shipping-taxable purchasable product-type-simple\">\n\t<a href=\"https:\/\/leconfitdascain.fr\/?product=foie-gras-entier-315-gr-bocal-longue-conservation\" class=\"woocommerce-LoopProduct-link woocommerce-loop-product__link\"><img loading=\"lazy\" decoding=\"async\" width=\"300\" height=\"300\" src=\"https:\/\/leconfitdascain.fr\/wp-content\/uploads\/2024\/11\/519461489_1676757096377081_849654422892802418_n-300x300.jpg\" class=\"attachment-woocommerce_thumbnail size-woocommerce_thumbnail\" alt=\"Foie gras de canard entier 315 gr, bocal longue conservation ; m\u00e9daille de bronze au Concours G\u00e9n\u00e9ral Agricole 2023, 2024 et 2025\" srcset=\"https:\/\/leconfitdascain.fr\/wp-content\/uploads\/2024\/11\/519461489_1676757096377081_849654422892802418_n-300x300.jpg 300w, https:\/\/leconfitdascain.fr\/wp-content\/uploads\/2024\/11\/519461489_1676757096377081_849654422892802418_n-150x150.jpg 150w, https:\/\/leconfitdascain.fr\/wp-content\/uploads\/2024\/11\/519461489_1676757096377081_849654422892802418_n-100x100.jpg 100w\" sizes=\"auto, (max-width: 300px) 100vw, 300px\" \/><h2 class=\"woocommerce-loop-product__title\">Foie gras de canard entier 315 gr, bocal longue conservation ; m\u00e9daille de bronze au Concours G\u00e9n\u00e9ral Agricole 2023, 2024 et 2025<\/h2>\n\t<span class=\"price\"><span class=\"woocommerce-Price-amount amount\"><bdi>39,90&nbsp;<span class=\"woocommerce-Price-currencySymbol\">&euro;<\/span><\/bdi><\/span><\/span>\n<\/a><a href=\"\/index.php?rest_route=%2Fwp%2Fv2%2Fpages%2F596&#038;add-to-cart=139\" aria-describedby=\"woocommerce_loop_add_to_cart_link_describedby_139\" data-quantity=\"1\" class=\"button wp-element-button product_type_simple add_to_cart_button ajax_add_to_cart\" data-product_id=\"139\" data-product_sku=\"\" aria-label=\"Ajouter au panier\u00a0: &ldquo;Foie gras de canard entier 315 gr, bocal longue conservation ; m\u00e9daille de bronze au Concours G\u00e9n\u00e9ral Agricole 2023, 2024 et 2025&rdquo;\" rel=\"nofollow\" data-success_message=\"\u00ab\u00a0Foie gras de canard entier 315 gr, bocal longue conservation ; m\u00e9daille de bronze au Concours G\u00e9n\u00e9ral Agricole 2023, 2024 et 2025\u00a0\u00bb a \u00e9t\u00e9 ajout\u00e9 \u00e0 votre panier\" role=\"button\">Ajouter au panier<\/a>\t<span id=\"woocommerce_loop_add_to_cart_link_describedby_139\" class=\"screen-reader-text\">\n\t\t\t<\/span>\n<\/li>\n<li class=\"product type-product post-141 status-publish instock product_cat-foie-gras product_cat-foie-gras-longue-conservation has-post-thumbnail taxable shipping-taxable purchasable product-type-simple\">\n\t<a href=\"https:\/\/leconfitdascain.fr\/?product=foie-gras-entier-450-gr-bocal-longue-conservation\" class=\"woocommerce-LoopProduct-link woocommerce-loop-product__link\"><img loading=\"lazy\" decoding=\"async\" width=\"300\" height=\"300\" src=\"https:\/\/leconfitdascain.fr\/wp-content\/uploads\/2024\/11\/517018615_760838566517364_6370443187899492550_n-300x300.jpg\" class=\"attachment-woocommerce_thumbnail size-woocommerce_thumbnail\" alt=\"Foie gras de canard entier 450 gr, bocal longue conservation ; M\u00e9daille de Bronze au Concours G\u00e9n\u00e9ral Agricole 2023, 2024 et 2025\" srcset=\"https:\/\/leconfitdascain.fr\/wp-content\/uploads\/2024\/11\/517018615_760838566517364_6370443187899492550_n-300x300.jpg 300w, https:\/\/leconfitdascain.fr\/wp-content\/uploads\/2024\/11\/517018615_760838566517364_6370443187899492550_n-150x150.jpg 150w, https:\/\/leconfitdascain.fr\/wp-content\/uploads\/2024\/11\/517018615_760838566517364_6370443187899492550_n-100x100.jpg 100w\" sizes=\"auto, (max-width: 300px) 100vw, 300px\" \/><h2 class=\"woocommerce-loop-product__title\">Foie gras de canard entier 450 gr, bocal longue conservation ; M\u00e9daille de Bronze au Concours G\u00e9n\u00e9ral Agricole 2023, 2024 et 2025<\/h2>\n\t<span class=\"price\"><span class=\"woocommerce-Price-amount amount\"><bdi>55,50&nbsp;<span class=\"woocommerce-Price-currencySymbol\">&euro;<\/span><\/bdi><\/span><\/span>\n<\/a><a href=\"\/index.php?rest_route=%2Fwp%2Fv2%2Fpages%2F596&#038;add-to-cart=141\" aria-describedby=\"woocommerce_loop_add_to_cart_link_describedby_141\" data-quantity=\"1\" class=\"button wp-element-button product_type_simple add_to_cart_button ajax_add_to_cart\" data-product_id=\"141\" data-product_sku=\"\" aria-label=\"Ajouter au panier\u00a0: &ldquo;Foie gras de canard entier 450 gr, bocal longue conservation ; M\u00e9daille de Bronze au Concours G\u00e9n\u00e9ral Agricole 2023, 2024 et 2025&rdquo;\" rel=\"nofollow\" data-success_message=\"\u00ab\u00a0Foie gras de canard entier 450 gr, bocal longue conservation ; M\u00e9daille de Bronze au Concours G\u00e9n\u00e9ral Agricole 2023, 2024 et 2025\u00a0\u00bb a \u00e9t\u00e9 ajout\u00e9 \u00e0 votre panier\" role=\"button\">Ajouter au panier<\/a>\t<span id=\"woocommerce_loop_add_to_cart_link_describedby_141\" class=\"screen-reader-text\">\n\t\t\t<\/span>\n<\/li>\n<li class=\"product type-product post-135 status-publish last instock product_cat-foie-gras product_cat-foie-gras-longue-conservation product_cat-medailles has-post-thumbnail taxable shipping-taxable purchasable product-type-simple\">\n\t<a href=\"https:\/\/leconfitdascain.fr\/?product=foie-gras-entier-130-gr-bocal-longue-conservation\" class=\"woocommerce-LoopProduct-link woocommerce-loop-product__link\"><img loading=\"lazy\" decoding=\"async\" width=\"300\" height=\"300\" src=\"https:\/\/leconfitdascain.fr\/wp-content\/uploads\/2024\/11\/518183715_1934624440623577_359025855750843344_n-300x300.jpg\" class=\"attachment-woocommerce_thumbnail size-woocommerce_thumbnail\" alt=\"Foie gras de canard entier 90 gr bocal longue conservation ; m\u00e9daille de bronze au Concours G\u00e9n\u00e9ral Agricole 2023, 2024 et 2025\" srcset=\"https:\/\/leconfitdascain.fr\/wp-content\/uploads\/2024\/11\/518183715_1934624440623577_359025855750843344_n-300x300.jpg 300w, https:\/\/leconfitdascain.fr\/wp-content\/uploads\/2024\/11\/518183715_1934624440623577_359025855750843344_n-150x150.jpg 150w, https:\/\/leconfitdascain.fr\/wp-content\/uploads\/2024\/11\/518183715_1934624440623577_359025855750843344_n-100x100.jpg 100w\" sizes=\"auto, (max-width: 300px) 100vw, 300px\" \/><h2 class=\"woocommerce-loop-product__title\">Foie gras de canard entier 90 gr bocal longue conservation ; m\u00e9daille de bronze au Concours G\u00e9n\u00e9ral Agricole 2023, 2024 et 2025<\/h2>\n\t<span class=\"price\"><span class=\"woocommerce-Price-amount amount\"><bdi>16,50&nbsp;<span class=\"woocommerce-Price-currencySymbol\">&euro;<\/span><\/bdi><\/span><\/span>\n<\/a><a href=\"\/index.php?rest_route=%2Fwp%2Fv2%2Fpages%2F596&#038;add-to-cart=135\" aria-describedby=\"woocommerce_loop_add_to_cart_link_describedby_135\" data-quantity=\"1\" class=\"button wp-element-button product_type_simple add_to_cart_button ajax_add_to_cart\" data-product_id=\"135\" data-product_sku=\"\" aria-label=\"Ajouter au panier\u00a0: &ldquo;Foie gras de canard entier 90 gr bocal longue conservation ; m\u00e9daille de bronze au Concours G\u00e9n\u00e9ral Agricole 2023, 2024 et 2025&rdquo;\" rel=\"nofollow\" data-success_message=\"\u00ab\u00a0Foie gras de canard entier 90 gr bocal longue conservation ; m\u00e9daille de bronze au Concours G\u00e9n\u00e9ral Agricole 2023, 2024 et 2025\u00a0\u00bb a \u00e9t\u00e9 ajout\u00e9 \u00e0 votre panier\" role=\"button\">Ajouter au panier<\/a>\t<span id=\"woocommerce_loop_add_to_cart_link_describedby_135\" class=\"screen-reader-text\">\n\t\t\t<\/span>\n<\/li>\n<li class=\"product type-product post-747 status-publish first instock product_cat-foie-gras product_cat-foie-gras-longue-conservation has-post-thumbnail taxable shipping-taxable purchasable product-type-simple\">\n\t<a href=\"https:\/\/leconfitdascain.fr\/?product=foie-gras-de-canard-entier-piment-despelette-180g\" class=\"woocommerce-LoopProduct-link woocommerce-loop-product__link\"><img loading=\"lazy\" decoding=\"async\" width=\"300\" height=\"300\" src=\"https:\/\/leconfitdascain.fr\/wp-content\/uploads\/2024\/08\/448586016-834774228576386-98312728033437033-n-zoom-300x300.jpg\" class=\"attachment-woocommerce_thumbnail size-woocommerce_thumbnail\" alt=\"Foie gras de canard entier, Piment d&#039;Espelette 180g\" srcset=\"https:\/\/leconfitdascain.fr\/wp-content\/uploads\/2024\/08\/448586016-834774228576386-98312728033437033-n-zoom-300x300.jpg 300w, https:\/\/leconfitdascain.fr\/wp-content\/uploads\/2024\/08\/448586016-834774228576386-98312728033437033-n-zoom-1024x1024.jpg 1024w, https:\/\/leconfitdascain.fr\/wp-content\/uploads\/2024\/08\/448586016-834774228576386-98312728033437033-n-zoom-150x150.jpg 150w, https:\/\/leconfitdascain.fr\/wp-content\/uploads\/2024\/08\/448586016-834774228576386-98312728033437033-n-zoom-768x768.jpg 768w, https:\/\/leconfitdascain.fr\/wp-content\/uploads\/2024\/08\/448586016-834774228576386-98312728033437033-n-zoom-600x600.jpg 600w, https:\/\/leconfitdascain.fr\/wp-content\/uploads\/2024\/08\/448586016-834774228576386-98312728033437033-n-zoom-100x100.jpg 100w, https:\/\/leconfitdascain.fr\/wp-content\/uploads\/2024\/08\/448586016-834774228576386-98312728033437033-n-zoom.jpg 1200w\" sizes=\"auto, (max-width: 300px) 100vw, 300px\" \/><h2 class=\"woocommerce-loop-product__title\">Foie gras de canard entier, Piment d&rsquo;Espelette 180g<\/h2>\n\t<span class=\"price\"><span class=\"woocommerce-Price-amount amount\"><bdi>26,80&nbsp;<span class=\"woocommerce-Price-currencySymbol\">&euro;<\/span><\/bdi><\/span><\/span>\n<\/a><a href=\"\/index.php?rest_route=%2Fwp%2Fv2%2Fpages%2F596&#038;add-to-cart=747\" aria-describedby=\"woocommerce_loop_add_to_cart_link_describedby_747\" data-quantity=\"1\" class=\"button wp-element-button product_type_simple add_to_cart_button ajax_add_to_cart\" data-product_id=\"747\" data-product_sku=\"\" aria-label=\"Ajouter au panier\u00a0: &ldquo;Foie gras de canard entier, Piment d&#039;Espelette 180g&rdquo;\" rel=\"nofollow\" data-success_message=\"\u00ab\u00a0Foie gras de canard entier, Piment d&#039;Espelette 180g\u00a0\u00bb a \u00e9t\u00e9 ajout\u00e9 \u00e0 votre panier\" role=\"button\">Ajouter au panier<\/a>\t<span id=\"woocommerce_loop_add_to_cart_link_describedby_747\" class=\"screen-reader-text\">\n\t\t\t<\/span>\n<\/li>\n<li class=\"product type-product post-134 status-publish instock product_cat-foie-gras product_cat-foie-gras-longue-conservation product_cat-medailles has-post-thumbnail taxable shipping-taxable purchasable product-type-simple\">\n\t<a href=\"https:\/\/leconfitdascain.fr\/?product=foie-gras-entier-au-piment-despelette-90-gr\" class=\"woocommerce-LoopProduct-link woocommerce-loop-product__link\"><img loading=\"lazy\" decoding=\"async\" width=\"300\" height=\"300\" src=\"https:\/\/leconfitdascain.fr\/wp-content\/uploads\/2024\/11\/520253714_1161452532407907_6712716083566199884_n-300x300.jpg\" class=\"attachment-woocommerce_thumbnail size-woocommerce_thumbnail\" alt=\"Foie gras de canard entier, Piment d&#039;Espelette 90 gr, m\u00e9daille d&#039;argent au Concours G\u00e9n\u00e9ral Agricole 2022\" srcset=\"https:\/\/leconfitdascain.fr\/wp-content\/uploads\/2024\/11\/520253714_1161452532407907_6712716083566199884_n-300x300.jpg 300w, https:\/\/leconfitdascain.fr\/wp-content\/uploads\/2024\/11\/520253714_1161452532407907_6712716083566199884_n-150x150.jpg 150w, https:\/\/leconfitdascain.fr\/wp-content\/uploads\/2024\/11\/520253714_1161452532407907_6712716083566199884_n-100x100.jpg 100w\" sizes=\"auto, (max-width: 300px) 100vw, 300px\" \/><h2 class=\"woocommerce-loop-product__title\">Foie gras de canard entier, Piment d&rsquo;Espelette 90 gr, m\u00e9daille d&rsquo;argent au Concours G\u00e9n\u00e9ral Agricole 2022<\/h2>\n\t<span class=\"price\"><span class=\"woocommerce-Price-amount amount\"><bdi>17,10&nbsp;<span class=\"woocommerce-Price-currencySymbol\">&euro;<\/span><\/bdi><\/span><\/span>\n<\/a><a href=\"\/index.php?rest_route=%2Fwp%2Fv2%2Fpages%2F596&#038;add-to-cart=134\" aria-describedby=\"woocommerce_loop_add_to_cart_link_describedby_134\" data-quantity=\"1\" class=\"button wp-element-button product_type_simple add_to_cart_button ajax_add_to_cart\" data-product_id=\"134\" data-product_sku=\"\" aria-label=\"Ajouter au panier\u00a0: &ldquo;Foie gras de canard entier, Piment d&#039;Espelette 90 gr, m\u00e9daille d&#039;argent au Concours G\u00e9n\u00e9ral Agricole 2022&rdquo;\" rel=\"nofollow\" data-success_message=\"\u00ab\u00a0Foie gras de canard entier, Piment d&#039;Espelette 90 gr, m\u00e9daille d&#039;argent au Concours G\u00e9n\u00e9ral Agricole 2022\u00a0\u00bb a \u00e9t\u00e9 ajout\u00e9 \u00e0 votre panier\" role=\"button\">Ajouter au panier<\/a>\t<span id=\"woocommerce_loop_add_to_cart_link_describedby_134\" class=\"screen-reader-text\">\n\t\t\t<\/span>\n<\/li>\n<li class=\"product type-product post-395 status-publish last instock product_cat-cadeaux-gourmands product_cat-entree product_cat-epicerie-fine product_cat-foie-gras-longue-conservation product_cat-foie-gras-mi-cuit product_cat-plats-cuisines has-post-thumbnail taxable shipping-taxable purchasable product-type-simple\">\n\t<a href=\"https:\/\/leconfitdascain.fr\/?product=piment-despelette-en-poudre-aop\" class=\"woocommerce-LoopProduct-link woocommerce-loop-product__link\"><img loading=\"lazy\" decoding=\"async\" width=\"300\" height=\"300\" src=\"https:\/\/leconfitdascain.fr\/wp-content\/uploads\/2024\/08\/piment-dEspelette-300x300.jpg\" class=\"attachment-woocommerce_thumbnail size-woocommerce_thumbnail\" alt=\"Piment d&#039;Espelette en poudre AOP\" srcset=\"https:\/\/leconfitdascain.fr\/wp-content\/uploads\/2024\/08\/piment-dEspelette-300x300.jpg 300w, https:\/\/leconfitdascain.fr\/wp-content\/uploads\/2024\/08\/piment-dEspelette-150x150.jpg 150w, https:\/\/leconfitdascain.fr\/wp-content\/uploads\/2024\/08\/piment-dEspelette-100x100.jpg 100w\" sizes=\"auto, (max-width: 300px) 100vw, 300px\" \/><h2 class=\"woocommerce-loop-product__title\">Piment d&rsquo;Espelette en poudre AOP<\/h2>\n\t<span class=\"price\"><span class=\"woocommerce-Price-amount amount\"><bdi>7,90&nbsp;<span class=\"woocommerce-Price-currencySymbol\">&euro;<\/span><\/bdi><\/span><\/span>\n<\/a><a href=\"\/index.php?rest_route=%2Fwp%2Fv2%2Fpages%2F596&#038;add-to-cart=395\" aria-describedby=\"woocommerce_loop_add_to_cart_link_describedby_395\" data-quantity=\"1\" class=\"button wp-element-button product_type_simple add_to_cart_button ajax_add_to_cart\" data-product_id=\"395\" data-product_sku=\"\" aria-label=\"Ajouter au panier\u00a0: &ldquo;Piment d&#039;Espelette en poudre AOP&rdquo;\" rel=\"nofollow\" data-success_message=\"\u00ab\u00a0Piment d&#039;Espelette en poudre AOP\u00a0\u00bb a \u00e9t\u00e9 ajout\u00e9 \u00e0 votre panier\" role=\"button\">Ajouter au panier<\/a>\t<span id=\"woocommerce_loop_add_to_cart_link_describedby_395\" class=\"screen-reader-text\">\n\t\t\t<\/span>\n<\/li>\n<\/ul>\n<\/div>\n","protected":false},"excerpt":{"rendered":"","protected":false},"author":2,"featured_media":0,"parent":0,"menu_order":0,"comment_status":"closed","ping_status":"closed","template":"","meta":{"footnotes":""},"class_list":["post-596","page","type-page","status-publish","hentry"],"jetpack_sharing_enabled":true,"_links":{"self":[{"href":"https:\/\/leconfitdascain.fr\/index.php?rest_route=\/wp\/v2\/pages\/596","targetHints":{"allow":["GET"]}}],"collection":[{"href":"https:\/\/leconfitdascain.fr\/index.php?rest_route=\/wp\/v2\/pages"}],"about":[{"href":"https:\/\/leconfitdascain.fr\/index.php?rest_route=\/wp\/v2\/types\/page"}],"author":[{"embeddable":true,"href":"https:\/\/leconfitdascain.fr\/index.php?rest_route=\/wp\/v2\/users\/2"}],"replies":[{"embeddable":true,"href":"https:\/\/leconfitdascain.fr\/index.php?rest_route=%2Fwp%2Fv2%2Fcomments&post=596"}],"version-history":[{"count":1,"href":"https:\/\/leconfitdascain.fr\/index.php?rest_route=\/wp\/v2\/pages\/596\/revisions"}],"predecessor-version":[{"id":597,"href":"https:\/\/leconfitdascain.fr\/index.php?rest_route=\/wp\/v2\/pages\/596\/revisions\/597"}],"wp:attachment":[{"href":"https:\/\/leconfitdascain.fr\/index.php?rest_route=%2Fwp%2Fv2%2Fmedia&parent=596"}],"curies":[{"name":"wp","href":"https:\/\/api.w.org\/{rel}","templated":true}]}}