{"id":593,"date":"2024-09-19T12:02:40","date_gmt":"2024-09-19T10:02:40","guid":{"rendered":"http:\/\/leconfitdascain.fr\/?page_id=593"},"modified":"2024-09-19T12:03:56","modified_gmt":"2024-09-19T10:03:56","slug":"foie-gras-mi-cuit","status":"publish","type":"page","link":"https:\/\/leconfitdascain.fr\/?page_id=593","title":{"rendered":"Foie gras mi-cuit"},"content":{"rendered":"<div class=\"woocommerce columns-3 \"><div class=\"woocommerce-notices-wrapper\"><\/div><p class=\"woocommerce-result-count\" role=\"alert\" aria-relevant=\"all\" >\n\t4\u00a0r\u00e9sultats affich\u00e9s<\/p>\n<form class=\"woocommerce-ordering\" method=\"get\">\n\t\t<select\n\t\tname=\"orderby\"\n\t\tclass=\"orderby\"\n\t\t\t\t\taria-label=\"Commande\"\n\t\t\t>\n\t\t\t\t\t<option value=\"menu_order\"  selected='selected'>Tri par d\u00e9faut<\/option>\n\t\t\t\t\t<option value=\"popularity\" >Tri par popularit\u00e9<\/option>\n\t\t\t\t\t<option value=\"date\" >Tri du plus r\u00e9cent au plus ancien<\/option>\n\t\t\t\t\t<option value=\"price\" >Tri par tarif croissant<\/option>\n\t\t\t\t\t<option value=\"price-desc\" >Tri par tarif d\u00e9croissant<\/option>\n\t\t\t<\/select>\n\t<input type=\"hidden\" name=\"paged\" value=\"1\" \/>\n\t<input type=\"hidden\" name=\"rest_route\" value=\"\/wp\/v2\/pages\/593\" \/><\/form>\n<ul class=\"products columns-3\">\n<li class=\"product type-product post-719 status-publish first instock product_cat-foie-gras-mi-cuit product_cat-medailles has-post-thumbnail taxable shipping-taxable purchasable product-type-simple\">\n\t<a href=\"https:\/\/leconfitdascain.fr\/?product=foie-gras-de-canard-au-torchon-piment-despelette-300g-medaille-dargent-2023-et-medaille-dor-2024\" class=\"woocommerce-LoopProduct-link woocommerce-loop-product__link\"><img loading=\"lazy\" decoding=\"async\" width=\"300\" height=\"300\" src=\"https:\/\/leconfitdascain.fr\/wp-content\/uploads\/2024\/10\/mi-cuit-piment-300x300.jpg\" class=\"attachment-woocommerce_thumbnail size-woocommerce_thumbnail\" alt=\"Foie gras de canard entier mi-cuit au torchon, Piment d&#039;Espelette 350g m\u00e9daille d&#039;argent 2023 et m\u00e9daille d&#039;or 2024\" srcset=\"https:\/\/leconfitdascain.fr\/wp-content\/uploads\/2024\/10\/mi-cuit-piment-300x300.jpg 300w, https:\/\/leconfitdascain.fr\/wp-content\/uploads\/2024\/10\/mi-cuit-piment-150x150.jpg 150w, https:\/\/leconfitdascain.fr\/wp-content\/uploads\/2024\/10\/mi-cuit-piment-100x100.jpg 100w\" sizes=\"auto, (max-width: 300px) 100vw, 300px\" \/><h2 class=\"woocommerce-loop-product__title\">Foie gras de canard entier mi-cuit au torchon, Piment d&rsquo;Espelette 350g m\u00e9daille d&rsquo;argent 2023 et m\u00e9daille d&rsquo;or 2024<\/h2>\n\t<span class=\"price\"><span class=\"woocommerce-Price-amount amount\"><bdi>47,60&nbsp;<span class=\"woocommerce-Price-currencySymbol\">&euro;<\/span><\/bdi><\/span><\/span>\n<\/a><a href=\"\/index.php?rest_route=%2Fwp%2Fv2%2Fpages%2F593&#038;add-to-cart=719\" aria-describedby=\"woocommerce_loop_add_to_cart_link_describedby_719\" data-quantity=\"1\" class=\"button wp-element-button product_type_simple add_to_cart_button ajax_add_to_cart\" data-product_id=\"719\" data-product_sku=\"\" aria-label=\"Ajouter au panier\u00a0: &ldquo;Foie gras de canard entier mi-cuit au torchon, Piment d&#039;Espelette 350g m\u00e9daille d&#039;argent 2023 et m\u00e9daille d&#039;or 2024&rdquo;\" rel=\"nofollow\" data-success_message=\"\u00ab\u00a0Foie gras de canard entier mi-cuit au torchon, Piment d&#039;Espelette 350g m\u00e9daille d&#039;argent 2023 et m\u00e9daille d&#039;or 2024\u00a0\u00bb a \u00e9t\u00e9 ajout\u00e9 \u00e0 votre panier\" role=\"button\">Ajouter au panier<\/a>\t<span id=\"woocommerce_loop_add_to_cart_link_describedby_719\" class=\"screen-reader-text\">\n\t\t\t<\/span>\n<\/li>\n<li class=\"product type-product post-721 status-publish instock product_cat-foie-gras-mi-cuit product_cat-medailles has-post-thumbnail taxable shipping-taxable purchasable product-type-simple\">\n\t<a href=\"https:\/\/leconfitdascain.fr\/?product=foie-gras-de-canard-au-torchon-piment-despelette-180g-medaille-dargent-2023-et-medaille-dor-2024\" class=\"woocommerce-LoopProduct-link woocommerce-loop-product__link\"><img loading=\"lazy\" decoding=\"async\" width=\"300\" height=\"300\" src=\"https:\/\/leconfitdascain.fr\/wp-content\/uploads\/2024\/10\/mi-cuit-piment-300x300.jpg\" class=\"attachment-woocommerce_thumbnail size-woocommerce_thumbnail\" alt=\"Foie gras de canard entier mi-cuit au torchon, Piment d\u2019Espelette 180g, m\u00e9daille d\u2019argent 2023 et m\u00e9daille d\u2019or 2024\" srcset=\"https:\/\/leconfitdascain.fr\/wp-content\/uploads\/2024\/10\/mi-cuit-piment-300x300.jpg 300w, https:\/\/leconfitdascain.fr\/wp-content\/uploads\/2024\/10\/mi-cuit-piment-150x150.jpg 150w, https:\/\/leconfitdascain.fr\/wp-content\/uploads\/2024\/10\/mi-cuit-piment-100x100.jpg 100w\" sizes=\"auto, (max-width: 300px) 100vw, 300px\" \/><h2 class=\"woocommerce-loop-product__title\">Foie gras de canard entier mi-cuit au torchon, Piment d\u2019Espelette 180g, m\u00e9daille d\u2019argent 2023 et m\u00e9daille d\u2019or 2024<\/h2>\n\t<span class=\"price\"><span class=\"woocommerce-Price-amount amount\"><bdi>24,60&nbsp;<span class=\"woocommerce-Price-currencySymbol\">&euro;<\/span><\/bdi><\/span><\/span>\n<\/a><a href=\"\/index.php?rest_route=%2Fwp%2Fv2%2Fpages%2F593&#038;add-to-cart=721\" aria-describedby=\"woocommerce_loop_add_to_cart_link_describedby_721\" data-quantity=\"1\" class=\"button wp-element-button product_type_simple add_to_cart_button ajax_add_to_cart\" data-product_id=\"721\" data-product_sku=\"\" aria-label=\"Ajouter au panier\u00a0: &ldquo;Foie gras de canard entier mi-cuit au torchon, Piment d\u2019Espelette 180g, m\u00e9daille d\u2019argent 2023 et m\u00e9daille d\u2019or 2024&rdquo;\" rel=\"nofollow\" data-success_message=\"\u00ab\u00a0Foie gras de canard entier mi-cuit au torchon, Piment d\u2019Espelette 180g, m\u00e9daille d\u2019argent 2023 et m\u00e9daille d\u2019or 2024\u00a0\u00bb a \u00e9t\u00e9 ajout\u00e9 \u00e0 votre panier\" role=\"button\">Ajouter au panier<\/a>\t<span id=\"woocommerce_loop_add_to_cart_link_describedby_721\" class=\"screen-reader-text\">\n\t\t\t<\/span>\n<\/li>\n<li class=\"product type-product post-722 status-publish last instock product_cat-foie-gras-mi-cuit product_cat-medailles has-post-thumbnail taxable shipping-taxable purchasable product-type-simple\">\n\t<a href=\"https:\/\/leconfitdascain.fr\/?product=foie-gras-de-canard-au-torchon-piment-despelette-500g-medaille-dargent-2023-et-medaille-dor-2024\" class=\"woocommerce-LoopProduct-link woocommerce-loop-product__link\"><img loading=\"lazy\" decoding=\"async\" width=\"300\" height=\"300\" src=\"https:\/\/leconfitdascain.fr\/wp-content\/uploads\/2024\/10\/mi-cuit-piment-300x300.jpg\" class=\"attachment-woocommerce_thumbnail size-woocommerce_thumbnail\" alt=\"Foie gras de canard entier mi-cuit au torchon, Piment d\u2019Espelette 450g, m\u00e9daille d\u2019argent 2023 et m\u00e9daille d\u2019or 2024\" srcset=\"https:\/\/leconfitdascain.fr\/wp-content\/uploads\/2024\/10\/mi-cuit-piment-300x300.jpg 300w, https:\/\/leconfitdascain.fr\/wp-content\/uploads\/2024\/10\/mi-cuit-piment-150x150.jpg 150w, https:\/\/leconfitdascain.fr\/wp-content\/uploads\/2024\/10\/mi-cuit-piment-100x100.jpg 100w\" sizes=\"auto, (max-width: 300px) 100vw, 300px\" \/><h2 class=\"woocommerce-loop-product__title\">Foie gras de canard entier mi-cuit au torchon, Piment d\u2019Espelette 450g, m\u00e9daille d\u2019argent 2023 et m\u00e9daille d\u2019or 2024<\/h2>\n\t<span class=\"price\"><span class=\"woocommerce-Price-amount amount\"><bdi>60,75&nbsp;<span class=\"woocommerce-Price-currencySymbol\">&euro;<\/span><\/bdi><\/span><\/span>\n<\/a><a href=\"\/index.php?rest_route=%2Fwp%2Fv2%2Fpages%2F593&#038;add-to-cart=722\" aria-describedby=\"woocommerce_loop_add_to_cart_link_describedby_722\" data-quantity=\"1\" class=\"button wp-element-button product_type_simple add_to_cart_button ajax_add_to_cart\" data-product_id=\"722\" data-product_sku=\"\" aria-label=\"Ajouter au panier\u00a0: &ldquo;Foie gras de canard entier mi-cuit au torchon, Piment d\u2019Espelette 450g, m\u00e9daille d\u2019argent 2023 et m\u00e9daille d\u2019or 2024&rdquo;\" rel=\"nofollow\" data-success_message=\"\u00ab\u00a0Foie gras de canard entier mi-cuit au torchon, Piment d\u2019Espelette 450g, m\u00e9daille d\u2019argent 2023 et m\u00e9daille d\u2019or 2024\u00a0\u00bb a \u00e9t\u00e9 ajout\u00e9 \u00e0 votre panier\" role=\"button\">Ajouter au panier<\/a>\t<span id=\"woocommerce_loop_add_to_cart_link_describedby_722\" class=\"screen-reader-text\">\n\t\t\t<\/span>\n<\/li>\n<li class=\"product type-product post-395 status-publish first instock product_cat-cadeaux-gourmands product_cat-entree product_cat-epicerie-fine product_cat-foie-gras-longue-conservation product_cat-foie-gras-mi-cuit product_cat-plats-cuisines has-post-thumbnail taxable shipping-taxable purchasable product-type-simple\">\n\t<a href=\"https:\/\/leconfitdascain.fr\/?product=piment-despelette-en-poudre-aop\" class=\"woocommerce-LoopProduct-link woocommerce-loop-product__link\"><img loading=\"lazy\" decoding=\"async\" width=\"300\" height=\"300\" src=\"https:\/\/leconfitdascain.fr\/wp-content\/uploads\/2024\/08\/piment-dEspelette-300x300.jpg\" class=\"attachment-woocommerce_thumbnail size-woocommerce_thumbnail\" alt=\"Piment d&#039;Espelette en poudre AOP\" srcset=\"https:\/\/leconfitdascain.fr\/wp-content\/uploads\/2024\/08\/piment-dEspelette-300x300.jpg 300w, https:\/\/leconfitdascain.fr\/wp-content\/uploads\/2024\/08\/piment-dEspelette-150x150.jpg 150w, https:\/\/leconfitdascain.fr\/wp-content\/uploads\/2024\/08\/piment-dEspelette-100x100.jpg 100w\" sizes=\"auto, (max-width: 300px) 100vw, 300px\" \/><h2 class=\"woocommerce-loop-product__title\">Piment d&rsquo;Espelette en poudre AOP<\/h2>\n\t<span class=\"price\"><span class=\"woocommerce-Price-amount amount\"><bdi>7,90&nbsp;<span class=\"woocommerce-Price-currencySymbol\">&euro;<\/span><\/bdi><\/span><\/span>\n<\/a><a href=\"\/index.php?rest_route=%2Fwp%2Fv2%2Fpages%2F593&#038;add-to-cart=395\" aria-describedby=\"woocommerce_loop_add_to_cart_link_describedby_395\" data-quantity=\"1\" class=\"button wp-element-button product_type_simple add_to_cart_button ajax_add_to_cart\" data-product_id=\"395\" data-product_sku=\"\" aria-label=\"Ajouter au panier\u00a0: &ldquo;Piment d&#039;Espelette en poudre AOP&rdquo;\" rel=\"nofollow\" data-success_message=\"\u00ab\u00a0Piment d&#039;Espelette en poudre AOP\u00a0\u00bb a \u00e9t\u00e9 ajout\u00e9 \u00e0 votre panier\" role=\"button\">Ajouter au panier<\/a>\t<span id=\"woocommerce_loop_add_to_cart_link_describedby_395\" class=\"screen-reader-text\">\n\t\t\t<\/span>\n<\/li>\n<\/ul>\n<\/div>\n","protected":false},"excerpt":{"rendered":"","protected":false},"author":2,"featured_media":0,"parent":0,"menu_order":0,"comment_status":"closed","ping_status":"closed","template":"","meta":{"footnotes":""},"class_list":["post-593","page","type-page","status-publish","hentry"],"jetpack_sharing_enabled":true,"_links":{"self":[{"href":"https:\/\/leconfitdascain.fr\/index.php?rest_route=\/wp\/v2\/pages\/593","targetHints":{"allow":["GET"]}}],"collection":[{"href":"https:\/\/leconfitdascain.fr\/index.php?rest_route=\/wp\/v2\/pages"}],"about":[{"href":"https:\/\/leconfitdascain.fr\/index.php?rest_route=\/wp\/v2\/types\/page"}],"author":[{"embeddable":true,"href":"https:\/\/leconfitdascain.fr\/index.php?rest_route=\/wp\/v2\/users\/2"}],"replies":[{"embeddable":true,"href":"https:\/\/leconfitdascain.fr\/index.php?rest_route=%2Fwp%2Fv2%2Fcomments&post=593"}],"version-history":[{"count":2,"href":"https:\/\/leconfitdascain.fr\/index.php?rest_route=\/wp\/v2\/pages\/593\/revisions"}],"predecessor-version":[{"id":595,"href":"https:\/\/leconfitdascain.fr\/index.php?rest_route=\/wp\/v2\/pages\/593\/revisions\/595"}],"wp:attachment":[{"href":"https:\/\/leconfitdascain.fr\/index.php?rest_route=%2Fwp%2Fv2%2Fmedia&parent=593"}],"curies":[{"name":"wp","href":"https:\/\/api.w.org\/{rel}","templated":true}]}}