{"id":36,"date":"2024-07-29T09:25:42","date_gmt":"2024-07-29T07:25:42","guid":{"rendered":"http:\/\/leconfitdascain.fr\/?page_id=36"},"modified":"2024-09-19T12:08:20","modified_gmt":"2024-09-19T10:08:20","slug":"foie-gras","status":"publish","type":"page","link":"https:\/\/leconfitdascain.fr\/?page_id=36","title":{"rendered":"Nos Foies gras"},"content":{"rendered":"\n<div class=\"wp-block-group alignwide has-global-padding is-layout-constrained wp-block-group-is-layout-constrained\">\n<p class=\"has-text-align-center has-contrast-color has-text-color has-link-color wp-elements-fa7fdfe0c59caae61a47e74745714440\">Le&nbsp;<strong>Foie Gras<\/strong>, ce mets de la&nbsp;<strong>cuisine traditionnelle Fran\u00e7aise<\/strong>, pr\u00e9sent sur chacune des tables lors des&nbsp;<strong>repas de f\u00eate<\/strong>, <\/p>\n\n\n\n<p class=\"has-text-align-center has-contrast-color has-text-color has-link-color wp-elements-def421ebb08d36510a38e924f5e383f2\">doit \u00eatre dot\u00e9 d&rsquo;une pr\u00e9paration d&rsquo;exception.<\/p>\n\n\n\n<p class=\"has-text-align-center has-contrast-color has-text-color has-link-color wp-elements-867c2b903a0e56acb4c0cb223901a51e\">Nos foies gras sont donc&nbsp;<strong>pr\u00e9par\u00e9s de mani\u00e8re traditionnelle<\/strong>, \u00e0 partir de&nbsp;<strong>canards \u00e9lev\u00e9s en France<\/strong>.<\/p>\n\n\n\n<p class=\"has-text-align-center has-contrast-color has-text-color has-link-color wp-elements-6fd4d5e8faa9584189948485dc17e00a\">Nous trions, d\u00e9veinons et assaisonnons \u00e0 la main tous nos produits.<\/p>\n\n\n\n<p class=\"has-text-align-center has-contrast-color has-text-color has-link-color wp-elements-bdbabf7a414058d2b7c2d2ba8bacf9fc\">Le&nbsp;<strong>foie gras de canard<\/strong>&nbsp;offre \u00e0 ses d\u00e9gustateurs un go\u00fbt fruit\u00e9 et savoureux en bouche.<\/p>\n\n\n\n<div class=\"wp-block-columns is-layout-flex wp-container-core-columns-is-layout-28f84493 wp-block-columns-is-layout-flex\">\n<div class=\"wp-block-column is-layout-flow wp-block-column-is-layout-flow\">\n<p class=\"has-text-align-center has-text-color has-link-color wp-elements-80abcd9d68cb057550f5412e735fe243\" style=\"color:#951818\"><strong>Foie gras mi-cuit ou en conserve ?<\/strong> <\/p>\n\n\n\n<p class=\"has-contrast-color has-text-color has-link-color wp-elements-6047dbcc8dbda80230a08fc450569f83\">Le&nbsp;<strong>foie gras mi-cuit<\/strong>&nbsp;est un mets pouvant se d\u00e9guster plusieurs mois apr\u00e8s la fabrication. Celui-ci offre une texture fondante et un parfum d\u00e9licat. Il doit imp\u00e9rativement \u00eatre conserv\u00e9 au r\u00e9frig\u00e9rateur.<\/p>\n\n\n\n<p class=\"has-contrast-color has-text-color has-link-color wp-elements-aca90e80fba861374eaa9ac3f5505e1d\">Le foie gras en conserve, quant \u00e0 lui, peut-\u00eatre compar\u00e9 \u00e0 un grand cru, puisqu&rsquo;il se bonifie avec l&rsquo;\u00e2ge. Plus il sera vieilli, plus son go\u00fbt et sa consistance seront affin\u00e9.<\/p>\n\n\n\n<h6 class=\"wp-block-heading has-text-align-center\"><strong>Foie gras artisanal Maison, comment&nbsp;le d\u00e9guster ?<\/strong><\/h6>\n\n\n\n<p class=\"has-contrast-color has-text-color has-link-color wp-elements-adbf2f088b13f7364e57795466b0d8f8\">Afin de conserver toutes les d\u00e9licates saveurs, la texture fondante et exalter tous les parfums de votre foie gras, nous vous conseillons de mettre celui-ci 30 \u00e0 50 minutes avant d\u00e9gustation, \u00e0 temp\u00e9rature ambiante. Ensuite, lors du d\u00e9moulage, afin de faciliter cette \u00e9tape, plongez plusieurs secondes le contenant de votre foie gras dans de l&rsquo;eau chaude. Puis, vous pouvez proc\u00e9der \u00e0 la d\u00e9coupe. Pour cela, nous vous conseillons d&rsquo;utiliser une lame de couteau tr\u00e8s fine et sans dents, pass\u00e9e sous l&rsquo;eau chaude et essuy\u00e9e entre chaque tranche. Vous pouvez \u00e9galement utiliser une lyre \u00e0 foie gras. Il ne vous reste plus qu&rsquo;\u00e0 le servir sur des assiettes bien froides.<\/p>\n\n\n\n<h6 class=\"wp-block-heading has-text-align-center\"><strong>Quels proportions servir&nbsp;?<\/strong><\/h6>\n\n\n\n<p class=\"has-contrast-color has-text-color has-link-color wp-elements-c1ff6cb22ff9ba2526be8b91cd056481\">Pour une entr\u00e9e, nous vous conseillons de servir entre 50 \u00e0 70 g par personne et entre 100 \u00e0 130 g pour un plat principal.<\/p>\n\n\n\n<p><\/p>\n<\/div>\n\n\n\n<div class=\"wp-block-column has-contrast-color has-text-color has-link-color wp-elements-ba882ce9c863c2ac8022373bf8b9c164 is-layout-flow wp-block-column-is-layout-flow\">\n<p class=\"has-text-align-center has-text-color has-link-color wp-elements-61221d12db1198c8b087adc9df9bbca5\" style=\"color:#a21a1a\"><strong>Foie gras entier ou en bloc ?<\/strong><\/p>\n\n\n\n<p class=\"has-body-font-family\">Le&nbsp;<strong>foie gras entier<\/strong>&nbsp;est sous forme de lobe de foie gras. Ce produit est per\u00e7u comme un produit authentique, puissant en go\u00fbt et noble. Il s&rsquo;agit d&rsquo;un mets fin et fortement appr\u00e9ci\u00e9 par les connaisseurs. En effet, il est quasi \u00e0 son \u00e9tat brut, puisqu&rsquo;il est simplement d\u00e9vein\u00e9 et assaisonn\u00e9.<\/p>\n\n\n\n<p class=\"has-body-font-family\">Le foie gras en bloc est un produit travaill\u00e9, de sorte \u00e0 obtenir une texture totalement homog\u00e8ne, s&rsquo;apparentant \u00e0 une \u00ab\u00a0p\u00e2te\u00a0\u00bb. Celui-ci est id\u00e9al pour toaster en ap\u00e9ritif ou pour int\u00e9grer dans des recettes.<\/p>\n\n\n\n<h6 class=\"wp-block-heading has-text-align-center\"><strong>Foie gras artisanal Maison, comment&nbsp;le d\u00e9guster ?<\/strong><\/h6>\n\n\n\n<p>Afin de conserver toutes les d\u00e9licates saveurs, la texture fondante et exalter tous les parfums de votre foie gras, nous vous conseillons de mettre celui-ci 30 \u00e0 50 minutes avant d\u00e9gustation, \u00e0 temp\u00e9rature ambiante. Ensuite, lors du d\u00e9moulage, afin de faciliter cette \u00e9tape, plongez plusieurs secondes le contenant de votre foie gras dans de l&rsquo;eau chaude. Puis, vous pouvez proc\u00e9der \u00e0 la d\u00e9coupe. Pour cela, nous vous conseillons d&rsquo;utiliser une lame de couteau tr\u00e8s fine et sans dents, pass\u00e9e sous l&rsquo;eau chaude et essuy\u00e9e entre chaque tranche. Vous pouvez \u00e9galement utiliser une lyre \u00e0 foie gras. Il ne vous reste plus qu&rsquo;\u00e0 le servir sur des assiettes bien froides.<\/p>\n\n\n\n<h6 class=\"wp-block-heading has-text-align-center\"><strong>Quels proportions servir&nbsp;?<\/strong><\/h6>\n\n\n\n<p>Pour une entr\u00e9e, nous vous conseillons de servir entre 50 \u00e0 70 g par personne et entre 100 \u00e0 130 g pour un plat principal.<\/p>\n<\/div>\n<\/div>\n<\/div>\n\n\n\n<p><\/p>\n\n\n\n<div style=\"height:100px\" aria-hidden=\"true\" class=\"wp-block-spacer\"><\/div>\n\n\n\n<div class=\"wp-block-group is-content-justification-center is-nowrap is-layout-flex wp-container-core-group-is-layout-6c0ff165 wp-block-group-is-layout-flex\" style=\"margin-top:0;margin-bottom:0;padding-top:0;padding-right:0;padding-bottom:0;padding-left:0\">\n<p class=\"has-text-align-center has-base-2-color has-text-color has-background has-link-color wp-elements-d28c109a581e1d33c1d8ebf1bc534a93\" style=\"background-color:#8a1717\"><a href=\"https:\/\/leconfitdascain.fr\/?page_id=593\">Foie gras mi-cuit<\/a><\/p>\n\n\n\n<p class=\"has-base-2-color has-text-color has-background has-link-color wp-elements-82fdc57deae41d4b42ed77fd734e0f63\" style=\"background-color:#8a1717\"><a href=\"https:\/\/leconfitdascain.fr\/?page_id=596\">Foie gras longue conservation<\/a><\/p>\n<\/div>\n\n\n\n<p><\/p>\n","protected":false},"excerpt":{"rendered":"<p>Le&nbsp;Foie Gras, ce mets de la&nbsp;cuisine traditionnelle Fran\u00e7aise, pr\u00e9sent sur chacune des tables lors des&nbsp;repas de f\u00eate, doit \u00eatre dot\u00e9 d&rsquo;une pr\u00e9paration d&rsquo;exception. Nos foies gras sont donc&nbsp;pr\u00e9par\u00e9s de mani\u00e8re traditionnelle, \u00e0 partir de&nbsp;canards \u00e9lev\u00e9s en France. Nous trions, d\u00e9veinons et assaisonnons \u00e0 la main tous nos produits. Le&nbsp;foie gras de canard&nbsp;offre \u00e0 ses d\u00e9gustateurs [&hellip;]<\/p>\n","protected":false},"author":1,"featured_media":0,"parent":0,"menu_order":0,"comment_status":"closed","ping_status":"closed","template":"","meta":{"footnotes":""},"class_list":["post-36","page","type-page","status-publish","hentry"],"jetpack_sharing_enabled":true,"_links":{"self":[{"href":"https:\/\/leconfitdascain.fr\/index.php?rest_route=\/wp\/v2\/pages\/36","targetHints":{"allow":["GET"]}}],"collection":[{"href":"https:\/\/leconfitdascain.fr\/index.php?rest_route=\/wp\/v2\/pages"}],"about":[{"href":"https:\/\/leconfitdascain.fr\/index.php?rest_route=\/wp\/v2\/types\/page"}],"author":[{"embeddable":true,"href":"https:\/\/leconfitdascain.fr\/index.php?rest_route=\/wp\/v2\/users\/1"}],"replies":[{"embeddable":true,"href":"https:\/\/leconfitdascain.fr\/index.php?rest_route=%2Fwp%2Fv2%2Fcomments&post=36"}],"version-history":[{"count":16,"href":"https:\/\/leconfitdascain.fr\/index.php?rest_route=\/wp\/v2\/pages\/36\/revisions"}],"predecessor-version":[{"id":599,"href":"https:\/\/leconfitdascain.fr\/index.php?rest_route=\/wp\/v2\/pages\/36\/revisions\/599"}],"wp:attachment":[{"href":"https:\/\/leconfitdascain.fr\/index.php?rest_route=%2Fwp%2Fv2%2Fmedia&parent=36"}],"curies":[{"name":"wp","href":"https:\/\/api.w.org\/{rel}","templated":true}]}}